{"id":7710,"date":"2020-02-10T09:52:54","date_gmt":"2020-02-10T09:52:54","guid":{"rendered":"https:\/\/themes.themegoods.com\/starto\/?page_id=7710"},"modified":"2023-08-07T21:25:17","modified_gmt":"2023-08-08T02:25:17","slug":"contactanos","status":"publish","type":"page","link":"https:\/\/medicospro.com\/?page_id=7710","title":{"rendered":"Cont\u00e1ctanos"},"content":{"rendered":"\t\t<div data-elementor-type=\"wp-page\" data-elementor-id=\"7710\" class=\"elementor elementor-7710\" data-elementor-settings=\"[]\">\n\t\t\t\t\t\t<div class=\"elementor-inner\">\n\t\t\t\t\t\t\t<div class=\"elementor-section-wrap\">\n\t\t\t\t\t\t\t<section class=\"elementor-section elementor-top-section elementor-element elementor-element-7cf84bf elementor-section-full_width elementor-section-stretched elementor-section-height-default elementor-section-height-default elementor-invisible\" data-id=\"7cf84bf\" data-element_type=\"section\" data-settings=\"{&quot;stretch_section&quot;:&quot;section-stretched&quot;,&quot;background_background&quot;:&quot;classic&quot;,&quot;animation&quot;:&quot;none&quot;}\">\n\t\t\t\t\t\t<div class=\"elementor-container elementor-column-gap-default\">\n\t\t\t\t\t\t\t<div class=\"elementor-row\">\n\t\t\t\t\t<div class=\"elementor-column elementor-col-100 elementor-top-column elementor-element elementor-element-3e9ba6c\" data-id=\"3e9ba6c\" data-element_type=\"column\" data-settings=\"{&quot;starto_ext_is_scrollme&quot;:&quot;false&quot;,&quot;starto_ext_is_smoove&quot;:&quot;false&quot;,&quot;starto_ext_is_parallax_mouse&quot;:&quot;false&quot;,&quot;starto_ext_is_infinite&quot;:&quot;false&quot;}\">\n\t\t\t<div class=\"elementor-column-wrap elementor-element-populated\">\n\t\t\t\t\t\t\t<div class=\"elementor-widget-wrap\">\n\t\t\t\t\t\t<div class=\"elementor-element elementor-element-ffe83b0 elementor-widget elementor-widget-heading\" data-id=\"ffe83b0\" data-element_type=\"widget\" data-settings=\"{&quot;starto_ext_is_scrollme&quot;:&quot;false&quot;,&quot;starto_ext_is_smoove&quot;:&quot;false&quot;,&quot;starto_ext_is_parallax_mouse&quot;:&quot;false&quot;,&quot;starto_ext_is_infinite&quot;:&quot;false&quot;}\" data-widget_type=\"heading.default\">\n\t\t\t\t<div class=\"elementor-widget-container\">\n\t\t\t<h2 class=\"elementor-heading-title elementor-size-default\">Cont\u00e1ctanos<\/h2>\t\t<\/div>\n\t\t\t\t<\/div>\n\t\t\t\t<div class=\"elementor-element elementor-element-95e83ad elementor-widget elementor-widget-spacer\" data-id=\"95e83ad\" data-element_type=\"widget\" data-settings=\"{&quot;starto_ext_is_scrollme&quot;:&quot;false&quot;,&quot;starto_ext_is_smoove&quot;:&quot;false&quot;,&quot;starto_ext_is_parallax_mouse&quot;:&quot;false&quot;,&quot;starto_ext_is_infinite&quot;:&quot;false&quot;}\" data-widget_type=\"spacer.default\">\n\t\t\t\t<div class=\"elementor-widget-container\">\n\t\t\t\t\t<div class=\"elementor-spacer\">\n\t\t\t<div class=\"elementor-spacer-inner\"><\/div>\n\t\t<\/div>\n\t\t\t\t<\/div>\n\t\t\t\t<\/div>\n\t\t\t\t\t\t<\/div>\n\t\t\t\t\t<\/div>\n\t\t<\/div>\n\t\t\t\t\t\t\t\t<\/div>\n\t\t\t\t\t<\/div>\n\t\t<\/section>\n\t\t\t\t<section class=\"elementor-section elementor-top-section elementor-element elementor-element-8913783 elementor-section-stretched elementor-section-full_width elementor-section-height-default elementor-section-height-default\" data-id=\"8913783\" data-element_type=\"section\" data-settings=\"{&quot;stretch_section&quot;:&quot;section-stretched&quot;,&quot;background_background&quot;:&quot;gradient&quot;}\">\n\t\t\t\t\t\t<div class=\"elementor-container elementor-column-gap-default\">\n\t\t\t\t\t\t\t<div class=\"elementor-row\">\n\t\t\t\t\t<div class=\"elementor-column elementor-col-66 elementor-top-column elementor-element elementor-element-184c066\" data-id=\"184c066\" data-element_type=\"column\" data-settings=\"{&quot;starto_ext_is_scrollme&quot;:&quot;false&quot;,&quot;starto_ext_is_smoove&quot;:&quot;false&quot;,&quot;starto_ext_is_parallax_mouse&quot;:&quot;false&quot;,&quot;starto_ext_is_infinite&quot;:&quot;false&quot;}\">\n\t\t\t<div class=\"elementor-column-wrap elementor-element-populated\">\n\t\t\t\t\t\t\t<div class=\"elementor-widget-wrap\">\n\t\t\t\t\t\t<div class=\"elementor-element elementor-element-b451fe5 elementor-widget elementor-widget-heading\" data-id=\"b451fe5\" data-element_type=\"widget\" data-settings=\"{&quot;starto_ext_is_scrollme&quot;:&quot;false&quot;,&quot;starto_ext_is_smoove&quot;:&quot;false&quot;,&quot;starto_ext_is_parallax_mouse&quot;:&quot;false&quot;,&quot;starto_ext_is_infinite&quot;:&quot;false&quot;}\" data-widget_type=\"heading.default\">\n\t\t\t\t<div class=\"elementor-widget-container\">\n\t\t\t<h2 class=\"elementor-heading-title elementor-size-default\">Formulario<\/h2>\t\t<\/div>\n\t\t\t\t<\/div>\n\t\t\t\t<div class=\"elementor-element elementor-element-90ba25e elementor-button-align-center elementor-widget elementor-widget-form\" data-id=\"90ba25e\" data-element_type=\"widget\" data-settings=\"{&quot;step_previous_label&quot;:&quot;Previous&quot;,&quot;button_width&quot;:&quot;100&quot;,&quot;step_type&quot;:&quot;number_text&quot;,&quot;step_icon_shape&quot;:&quot;circle&quot;,&quot;starto_ext_is_scrollme&quot;:&quot;false&quot;,&quot;starto_ext_is_smoove&quot;:&quot;false&quot;,&quot;starto_ext_is_parallax_mouse&quot;:&quot;false&quot;,&quot;starto_ext_is_infinite&quot;:&quot;false&quot;}\" data-widget_type=\"form.default\">\n\t\t\t\t<div class=\"elementor-widget-container\">\n\t\t\t\t\t<form class=\"elementor-form\" method=\"post\" name=\"Formulario 1\">\n\t\t\t<input type=\"hidden\" name=\"post_id\" value=\"7710\"\/>\n\t\t\t<input type=\"hidden\" name=\"form_id\" value=\"90ba25e\"\/>\n\n\t\t\t\n\t\t\t<div class=\"elementor-form-fields-wrapper elementor-labels-above\">\n\t\t\t\t\t\t\t\t<div class=\"elementor-field-type-text elementor-field-group elementor-column elementor-field-group-name elementor-col-50 elementor-field-required elementor-mark-required\">\n\t\t\t\t\t<label for=\"form-field-name\" class=\"elementor-field-label\">Nombre<\/label><input size=\"1\" type=\"text\" name=\"form_fields[name]\" id=\"form-field-name\" class=\"elementor-field elementor-size-md  elementor-field-textual\" placeholder=\"Nombre\" required=\"required\" aria-required=\"true\">\t\t\t\t<\/div>\n\t\t\t\t\t\t\t\t<div class=\"elementor-field-type-text elementor-field-group elementor-column elementor-field-group-field_8d5344c elementor-col-50 elementor-field-required elementor-mark-required\">\n\t\t\t\t\t<label for=\"form-field-field_8d5344c\" class=\"elementor-field-label\">Especialidad<\/label><input size=\"1\" type=\"text\" name=\"form_fields[field_8d5344c]\" id=\"form-field-field_8d5344c\" class=\"elementor-field elementor-size-md  elementor-field-textual\" placeholder=\"M\u00e9dico Gene...\" required=\"required\" aria-required=\"true\">\t\t\t\t<\/div>\n\t\t\t\t\t\t\t\t<div class=\"elementor-field-type-email elementor-field-group elementor-column elementor-field-group-email elementor-col-100 elementor-field-required elementor-mark-required\">\n\t\t\t\t\t<label for=\"form-field-email\" class=\"elementor-field-label\">Email<\/label><input size=\"1\" type=\"email\" name=\"form_fields[email]\" id=\"form-field-email\" class=\"elementor-field elementor-size-md  elementor-field-textual\" placeholder=\"ejemplo@ejemplo.com\" required=\"required\" aria-required=\"true\">\t\t\t\t<\/div>\n\t\t\t\t\t\t\t\t<div class=\"elementor-field-type-number elementor-field-group elementor-column elementor-field-group-field_205a414 elementor-col-50\">\n\t\t\t\t\t<label for=\"form-field-field_205a414\" class=\"elementor-field-label\">Tel\u00e9fono<\/label><input type=\"number\" name=\"form_fields[field_205a414]\" id=\"form-field-field_205a414\" class=\"elementor-field elementor-size-md  elementor-field-textual\" placeholder=\"+52 (XXX) XXX XXXX\" min=\"\" max=\"\">\t\t\t\t<\/div>\n\t\t\t\t\t\t\t\t<div class=\"elementor-field-type-select elementor-field-group elementor-column elementor-field-group-field_1c12d93 elementor-col-50 elementor-sm-50\">\n\t\t\t\t\t<label for=\"form-field-field_1c12d93\" class=\"elementor-field-label\">Pa\u00eds<\/label>\t\t<div class=\"elementor-field elementor-select-wrapper \">\n\t\t\t<select name=\"form_fields[field_1c12d93]\" id=\"form-field-field_1c12d93\" class=\"elementor-field-textual elementor-size-md\">\n\t\t\t\t<option value=\"M\u00e9xico\">M\u00e9xico<\/option><option value=\"Estados Unidos\">Estados Unidos<\/option><option value=\"Argentina\">Argentina<\/option><option value=\"Colombia\">Colombia<\/option><option value=\"Costa Rica\">Costa Rica<\/option><option value=\"Chile\">Chile<\/option><option value=\"Ecuador\">Ecuador<\/option><option value=\"El Salvador\">El Salvador<\/option><option value=\"Espa\u00f1a\">Espa\u00f1a<\/option><option value=\"Guatemala\">Guatemala<\/option><option value=\"Paraguay\">Paraguay<\/option><option value=\"Puerto Rico\">Puerto Rico<\/option><option value=\"Rep\u00fablica Dominicana\">Rep\u00fablica Dominicana<\/option><option value=\"Uruguay\">Uruguay<\/option><option value=\"Venezuela\">Venezuela<\/option><option value=\"Israel\">Israel<\/option><option value=\"Otro\">Otro<\/option>\t\t\t<\/select>\n\t\t<\/div>\n\t\t\t\t\t\t<\/div>\n\t\t\t\t\t\t\t\t<div class=\"elementor-field-type-checkbox elementor-field-group elementor-column elementor-field-group-field_0c80754 elementor-col-100\">\n\t\t\t\t\t<label for=\"form-field-field_0c80754\" class=\"elementor-field-label\">Informaci\u00f3n Adicional<\/label><div class=\"elementor-field-subgroup  \"><span class=\"elementor-field-option\"><input type=\"checkbox\" value=\"Quiero recibir mayor informaci\u00f3n por e-mail\" id=\"form-field-field_0c80754-0\" name=\"form_fields[field_0c80754][]\"> <label for=\"form-field-field_0c80754-0\">Quiero recibir mayor informaci\u00f3n por e-mail<\/label><\/span><span class=\"elementor-field-option\"><input type=\"checkbox\" value=\"Quiero recibir mayor informaci\u00f3n v\u00eda WhatsApp\" id=\"form-field-field_0c80754-1\" name=\"form_fields[field_0c80754][]\"> <label for=\"form-field-field_0c80754-1\">Quiero recibir mayor informaci\u00f3n v\u00eda WhatsApp<\/label><\/span><span class=\"elementor-field-option\"><input type=\"checkbox\" value=\"Env\u00edeme algunos videos para conocer m\u00e1s el producto\" id=\"form-field-field_0c80754-2\" name=\"form_fields[field_0c80754][]\"> <label for=\"form-field-field_0c80754-2\">Env\u00edeme algunos videos para conocer m\u00e1s el producto<\/label><\/span><span class=\"elementor-field-option\"><input type=\"checkbox\" value=\"Quiero ver una demostraci\u00f3n del producto\" id=\"form-field-field_0c80754-3\" name=\"form_fields[field_0c80754][]\"> <label for=\"form-field-field_0c80754-3\">Quiero ver una demostraci\u00f3n del producto<\/label><\/span><span class=\"elementor-field-option\"><input type=\"checkbox\" value=\"Me gustar\u00eda probar el sistema por 30 d\u00edas\" id=\"form-field-field_0c80754-4\" name=\"form_fields[field_0c80754][]\"> <label for=\"form-field-field_0c80754-4\">Me gustar\u00eda probar el sistema por 30 d\u00edas<\/label><\/span><span class=\"elementor-field-option\"><input type=\"checkbox\" value=\"Tengo algunas dudas, \u00bfme pueden hablar por tel\u00e9fono?\" id=\"form-field-field_0c80754-5\" name=\"form_fields[field_0c80754][]\"> <label for=\"form-field-field_0c80754-5\">Tengo algunas dudas, \u00bfme pueden hablar por tel\u00e9fono?<\/label><\/span><span class=\"elementor-field-option\"><input type=\"checkbox\" value=\"\u00bfCu\u00e1les son sus precios?\" id=\"form-field-field_0c80754-6\" name=\"form_fields[field_0c80754][]\"> <label for=\"form-field-field_0c80754-6\">\u00bfCu\u00e1les son sus precios?<\/label><\/span><\/div>\t\t\t\t<\/div>\n\t\t\t\t\t\t\t\t<div class=\"elementor-field-type-textarea elementor-field-group elementor-column elementor-field-group-message elementor-col-100\">\n\t\t\t\t\t<label for=\"form-field-message\" class=\"elementor-field-label\">Mensaje<\/label><textarea class=\"elementor-field-textual elementor-field  elementor-size-md\" name=\"form_fields[message]\" id=\"form-field-message\" rows=\"4\" placeholder=\"\u00bfEn qu\u00e9 podemos ayudarte?\"><\/textarea>\t\t\t\t<\/div>\n\t\t\t\t\t\t\t\t<div class=\"elementor-field-type-acceptance elementor-field-group elementor-column elementor-field-group-field_ac6c55a elementor-col-100 elementor-field-required elementor-mark-required\">\n\t\t\t\t\t<div class=\"elementor-field-subgroup\"><span class=\"elementor-field-option\"><input type=\"checkbox\" name=\"form_fields[field_ac6c55a]\" id=\"form-field-field_ac6c55a\" class=\"elementor-field elementor-size-md  elementor-acceptance-field\" required=\"required\" aria-required=\"true\"> <label for=\"form-field-field_ac6c55a\">He le\u00eddo y acepto la <a href=\"https:\/\/medicospro.com\/?page_id=13102\"style=\"color:white\">Pol\u00edtica de Privacidad<\/a><\/label><\/span><\/div>\t\t\t\t<\/div>\n\t\t\t\t\t\t\t\t<div class=\"elementor-field-type-recaptcha elementor-field-group elementor-column elementor-field-group-field_fa00b4c elementor-col-100\">\n\t\t\t\t\t<div class=\"elementor-field\" id=\"form-field-field_fa00b4c\"><div class=\"elementor-g-recaptcha\" data-sitekey=\"6LccZQ0TAAAAAKcMHN8wkOFoTJLpHKhHMC9F1dfh\" data-type=\"v2_checkbox\" data-theme=\"light\" data-size=\"normal\"><\/div><\/div>\t\t\t\t<\/div>\n\t\t\t\t\t\t\t\t<div class=\"elementor-field-group elementor-column elementor-field-type-submit elementor-col-100 e-form__buttons\">\n\t\t\t\t\t<button type=\"submit\" class=\"elementor-button elementor-size-md\">\n\t\t\t\t\t\t<span >\n\t\t\t\t\t\t\t\t\t\t\t\t\t\t\t<span class=\" elementor-button-icon\">\n\t\t\t\t\t\t\t\t\t\t\t\t\t\t\t\t\t\t\t\t\t\t\t\t\t\t<\/span>\n\t\t\t\t\t\t\t\t\t\t\t\t\t\t\t\t\t\t\t\t\t\t<span class=\"elementor-button-text\">Enviar<\/span>\n\t\t\t\t\t\t\t\t\t\t\t\t\t<\/span>\n\t\t\t\t\t<\/button>\n\t\t\t\t<\/div>\n\t\t\t<\/div>\n\t\t<\/form>\n\t\t\t\t<\/div>\n\t\t\t\t<\/div>\n\t\t\t\t\t\t<\/div>\n\t\t\t\t\t<\/div>\n\t\t<\/div>\n\t\t\t\t<div class=\"elementor-column elementor-col-33 elementor-top-column elementor-element elementor-element-0e6acf3\" data-id=\"0e6acf3\" data-element_type=\"column\" data-settings=\"{&quot;starto_ext_is_scrollme&quot;:&quot;false&quot;,&quot;starto_ext_is_smoove&quot;:&quot;false&quot;,&quot;starto_ext_is_parallax_mouse&quot;:&quot;false&quot;,&quot;starto_ext_is_infinite&quot;:&quot;false&quot;}\">\n\t\t\t<div class=\"elementor-column-wrap elementor-element-populated\">\n\t\t\t\t\t\t\t<div class=\"elementor-widget-wrap\">\n\t\t\t\t\t\t<div class=\"elementor-element elementor-element-72a5226 elementor-widget elementor-widget-heading\" data-id=\"72a5226\" data-element_type=\"widget\" data-settings=\"{&quot;starto_ext_is_scrollme&quot;:&quot;false&quot;,&quot;starto_ext_is_smoove&quot;:&quot;false&quot;,&quot;starto_ext_is_parallax_mouse&quot;:&quot;false&quot;,&quot;starto_ext_is_infinite&quot;:&quot;false&quot;}\" data-widget_type=\"heading.default\">\n\t\t\t\t<div class=\"elementor-widget-container\">\n\t\t\t<h3 class=\"elementor-heading-title elementor-size-default\">\u00a1Estamos para servirte!<\/h3>\t\t<\/div>\n\t\t\t\t<\/div>\n\t\t\t\t<div class=\"elementor-element elementor-element-6f9abe6 elementor-widget elementor-widget-text-editor\" data-id=\"6f9abe6\" data-element_type=\"widget\" data-settings=\"{&quot;starto_ext_is_scrollme&quot;:&quot;false&quot;,&quot;starto_ext_is_smoove&quot;:&quot;false&quot;,&quot;starto_ext_is_parallax_mouse&quot;:&quot;false&quot;,&quot;starto_ext_is_infinite&quot;:&quot;false&quot;}\" data-widget_type=\"text-editor.default\">\n\t\t\t\t<div class=\"elementor-widget-container\">\n\t\t\t\t\t<div class=\"elementor-text-editor elementor-clearfix\"><p>Nuestro equipo estar\u00e1 encantado de responder cualquier pregunta. Completa el formulario y nos comunicaremos contigo muy pronto.<\/p><p>\u00bfDeseas un DEMO, capacitaci\u00f3n o mayor informaci\u00f3n del sistema? Contacta a:<\/p><p style=\"text-align: right;\">soporte@medicospro.com<\/p><\/div>\n\t\t\t\t<\/div>\n\t\t\t\t<\/div>\n\t\t\t\t<div class=\"elementor-element elementor-element-bd0fe02 elementor-widget elementor-widget-heading\" data-id=\"bd0fe02\" data-element_type=\"widget\" data-settings=\"{&quot;starto_ext_is_scrollme&quot;:&quot;false&quot;,&quot;starto_ext_is_smoove&quot;:&quot;false&quot;,&quot;starto_ext_is_parallax_mouse&quot;:&quot;false&quot;,&quot;starto_ext_is_infinite&quot;:&quot;false&quot;}\" data-widget_type=\"heading.default\">\n\t\t\t\t<div class=\"elementor-widget-container\">\n\t\t\t<h3 class=\"elementor-heading-title elementor-size-default\">Redes sociales<\/h3>\t\t<\/div>\n\t\t\t\t<\/div>\n\t\t\t\t<div class=\"elementor-element elementor-element-429ba8d elementor-widget elementor-widget-text-editor\" data-id=\"429ba8d\" data-element_type=\"widget\" data-settings=\"{&quot;starto_ext_is_scrollme&quot;:&quot;false&quot;,&quot;starto_ext_is_smoove&quot;:&quot;false&quot;,&quot;starto_ext_is_parallax_mouse&quot;:&quot;false&quot;,&quot;starto_ext_is_infinite&quot;:&quot;false&quot;}\" data-widget_type=\"text-editor.default\">\n\t\t\t\t<div class=\"elementor-widget-container\">\n\t\t\t\t\t<div class=\"elementor-text-editor elementor-clearfix\"><p>Encontrar\u00e1s material de apoyo audiovisual sobre cualquier funcionalidad en el sistema.<\/p><\/div>\n\t\t\t\t<\/div>\n\t\t\t\t<\/div>\n\t\t\t\t<div class=\"elementor-element elementor-element-e3fc1db elementor-widget elementor-widget-heading\" data-id=\"e3fc1db\" data-element_type=\"widget\" data-settings=\"{&quot;starto_ext_is_scrollme&quot;:&quot;false&quot;,&quot;starto_ext_is_smoove&quot;:&quot;false&quot;,&quot;starto_ext_is_parallax_mouse&quot;:&quot;false&quot;,&quot;starto_ext_is_infinite&quot;:&quot;false&quot;}\" data-widget_type=\"heading.default\">\n\t\t\t\t<div class=\"elementor-widget-container\">\n\t\t\t<h3 class=\"elementor-heading-title elementor-size-default\">Siguenos<\/h3>\t\t<\/div>\n\t\t\t\t<\/div>\n\t\t\t\t<div class=\"elementor-element elementor-element-ea9b3f9 elementor-shape-circle elementor-grid-0 elementor-widget elementor-widget-social-icons\" data-id=\"ea9b3f9\" data-element_type=\"widget\" data-settings=\"{&quot;starto_ext_is_scrollme&quot;:&quot;false&quot;,&quot;starto_ext_is_smoove&quot;:&quot;false&quot;,&quot;starto_ext_is_parallax_mouse&quot;:&quot;false&quot;,&quot;starto_ext_is_infinite&quot;:&quot;false&quot;}\" data-widget_type=\"social-icons.default\">\n\t\t\t\t<div class=\"elementor-widget-container\">\n\t\t\t\t\t<div class=\"elementor-social-icons-wrapper elementor-grid\">\n\t\t\t\t\t\t\t<div class=\"elementor-grid-item\">\n\t\t\t\t\t<a class=\"elementor-icon elementor-social-icon elementor-social-icon-youtube elementor-repeater-item-50991b5\" href=\"https:\/\/www.youtube.com\/channel\/UCQSwxs_obC40-37FqSREY3A\" target=\"_blank\">\n\t\t\t\t\t\t<span class=\"elementor-screen-only\">Youtube<\/span>\n\t\t\t\t\t\t<i class=\"fab fa-youtube\"><\/i>\t\t\t\t\t<\/a>\n\t\t\t\t<\/div>\n\t\t\t\t\t\t\t<div class=\"elementor-grid-item\">\n\t\t\t\t\t<a class=\"elementor-icon elementor-social-icon elementor-social-icon-linkedin elementor-repeater-item-3ce561c\" href=\"https:\/\/www.linkedin.com\/uas\/login?session_redirect=https%3A%2F%2Fwww.linkedin.com%2Fcompany%2F9388021%2Fadmin\" target=\"_blank\">\n\t\t\t\t\t\t<span class=\"elementor-screen-only\">Linkedin<\/span>\n\t\t\t\t\t\t<i class=\"fab fa-linkedin\"><\/i>\t\t\t\t\t<\/a>\n\t\t\t\t<\/div>\n\t\t\t\t\t\t\t<div class=\"elementor-grid-item\">\n\t\t\t\t\t<a class=\"elementor-icon elementor-social-icon elementor-social-icon-facebook-f elementor-repeater-item-40063b8\" href=\"https:\/\/www.facebook.com\/MedicosProOnline\/\" target=\"_blank\">\n\t\t\t\t\t\t<span class=\"elementor-screen-only\">Facebook-f<\/span>\n\t\t\t\t\t\t<i class=\"fab fa-facebook-f\"><\/i>\t\t\t\t\t<\/a>\n\t\t\t\t<\/div>\n\t\t\t\t\t\t\t<div class=\"elementor-grid-item\">\n\t\t\t\t\t<a class=\"elementor-icon elementor-social-icon elementor-social-icon-twitter elementor-repeater-item-81c8dd3\" href=\"https:\/\/twitter.com\/MedicosPro\" target=\"_blank\">\n\t\t\t\t\t\t<span class=\"elementor-screen-only\">Twitter<\/span>\n\t\t\t\t\t\t<i class=\"fab fa-twitter\"><\/i>\t\t\t\t\t<\/a>\n\t\t\t\t<\/div>\n\t\t\t\t\t\t\t<div class=\"elementor-grid-item\">\n\t\t\t\t\t<a class=\"elementor-icon elementor-social-icon elementor-social-icon-instagram elementor-repeater-item-4f7c666\" href=\"https:\/\/www.instagram.com\/medicos_pro\/\" target=\"_blank\">\n\t\t\t\t\t\t<span class=\"elementor-screen-only\">Instagram<\/span>\n\t\t\t\t\t\t<i class=\"fab fa-instagram\"><\/i>\t\t\t\t\t<\/a>\n\t\t\t\t<\/div>\n\t\t\t\t\t<\/div>\n\t\t\t\t<\/div>\n\t\t\t\t<\/div>\n\t\t\t\t<div class=\"elementor-element elementor-element-22942d6 elementor-widget elementor-widget-heading\" data-id=\"22942d6\" data-element_type=\"widget\" data-settings=\"{&quot;starto_ext_is_scrollme&quot;:&quot;false&quot;,&quot;starto_ext_is_smoove&quot;:&quot;false&quot;,&quot;starto_ext_is_parallax_mouse&quot;:&quot;false&quot;,&quot;starto_ext_is_infinite&quot;:&quot;false&quot;}\" data-widget_type=\"heading.default\">\n\t\t\t\t<div class=\"elementor-widget-container\">\n\t\t\t<h3 class=\"elementor-heading-title elementor-size-default\"><a href=\"https:\/\/www.medicospro.com.do\/\">Soy de Rep\u00fablica Dominicana<\/a><\/h3>\t\t<\/div>\n\t\t\t\t<\/div>\n\t\t\t\t<div class=\"elementor-element elementor-element-091b291 elementor-align-left elementor-icon-list--layout-traditional elementor-list-item-link-full_width elementor-widget elementor-widget-icon-list\" data-id=\"091b291\" data-element_type=\"widget\" data-settings=\"{&quot;starto_ext_is_scrollme&quot;:&quot;false&quot;,&quot;starto_ext_is_smoove&quot;:&quot;false&quot;,&quot;starto_ext_is_parallax_mouse&quot;:&quot;false&quot;,&quot;starto_ext_is_infinite&quot;:&quot;false&quot;}\" data-widget_type=\"icon-list.default\">\n\t\t\t\t<div class=\"elementor-widget-container\">\n\t\t\t\t\t<ul class=\"elementor-icon-list-items\">\n\t\t\t\t\t\t\t<li class=\"elementor-icon-list-item\">\n\t\t\t\t\t<a href=\"https:\/\/www.medicospro.com.do\/\">\t\t\t\t\t\t<span class=\"elementor-icon-list-icon\">\n\t\t\t\t\t\t\t<i aria-hidden=\"true\" class=\"fas fa-arrow-right\"><\/i>\t\t\t\t\t\t<\/span>\n\t\t\t\t\t\t\t\t\t\t<span class=\"elementor-icon-list-text\">Dar click aqu\u00ed<\/span>\n\t\t\t\t\t\t\t\t\t\t\t<\/a>\n\t\t\t\t\t\t\t\t\t<\/li>\n\t\t\t\t\t\t<\/ul>\n\t\t\t\t<\/div>\n\t\t\t\t<\/div>\n\t\t\t\t\t\t<\/div>\n\t\t\t\t\t<\/div>\n\t\t<\/div>\n\t\t\t\t\t\t\t\t<\/div>\n\t\t\t\t\t<\/div>\n\t\t<\/section>\n\t\t\t\t<section class=\"elementor-section elementor-top-section elementor-element elementor-element-5a26530 elementor-section-full_width elementor-section-height-min-height elementor-section-height-default elementor-section-items-middle\" data-id=\"5a26530\" data-element_type=\"section\" data-settings=\"{&quot;background_background&quot;:&quot;classic&quot;}\">\n\t\t\t\t\t\t<div class=\"elementor-container elementor-column-gap-default\">\n\t\t\t\t\t\t\t<div class=\"elementor-row\">\n\t\t\t\t\t<div class=\"elementor-column elementor-col-100 elementor-top-column elementor-element elementor-element-95e1e13\" data-id=\"95e1e13\" data-element_type=\"column\" data-settings=\"{&quot;starto_ext_is_scrollme&quot;:&quot;false&quot;,&quot;starto_ext_is_smoove&quot;:&quot;false&quot;,&quot;starto_ext_is_parallax_mouse&quot;:&quot;false&quot;,&quot;starto_ext_is_infinite&quot;:&quot;false&quot;}\">\n\t\t\t<div class=\"elementor-column-wrap elementor-element-populated\">\n\t\t\t\t\t\t\t<div class=\"elementor-widget-wrap\">\n\t\t\t\t\t\t<div class=\"elementor-element elementor-element-2be4291 elementor-widget-divider--view-line elementor-widget elementor-widget-divider\" data-id=\"2be4291\" data-element_type=\"widget\" data-settings=\"{&quot;starto_ext_is_scrollme&quot;:&quot;false&quot;,&quot;starto_ext_is_smoove&quot;:&quot;false&quot;,&quot;starto_ext_is_parallax_mouse&quot;:&quot;false&quot;,&quot;starto_ext_is_infinite&quot;:&quot;false&quot;}\" data-widget_type=\"divider.default\">\n\t\t\t\t<div class=\"elementor-widget-container\">\n\t\t\t\t\t<div class=\"elementor-divider\">\n\t\t\t<span class=\"elementor-divider-separator\">\n\t\t\t\t\t\t<\/span>\n\t\t<\/div>\n\t\t\t\t<\/div>\n\t\t\t\t<\/div>\n\t\t\t\t<div class=\"elementor-element elementor-element-184dc6d elementor-widget elementor-widget-heading\" data-id=\"184dc6d\" data-element_type=\"widget\" data-settings=\"{&quot;starto_ext_is_scrollme&quot;:&quot;false&quot;,&quot;starto_ext_is_smoove&quot;:&quot;false&quot;,&quot;starto_ext_is_parallax_mouse&quot;:&quot;false&quot;,&quot;starto_ext_is_infinite&quot;:&quot;false&quot;}\" data-widget_type=\"heading.default\">\n\t\t\t\t<div class=\"elementor-widget-container\">\n\t\t\t<h2 class=\"elementor-heading-title elementor-size-default\">Ubicaci\u00f3n<\/h2>\t\t<\/div>\n\t\t\t\t<\/div>\n\t\t\t\t<div class=\"elementor-element elementor-element-b8af598 elementor-widget elementor-widget-google_maps\" data-id=\"b8af598\" data-element_type=\"widget\" data-settings=\"{&quot;starto_ext_is_scrollme&quot;:&quot;false&quot;,&quot;starto_ext_is_smoove&quot;:&quot;false&quot;,&quot;starto_ext_is_parallax_mouse&quot;:&quot;false&quot;,&quot;starto_ext_is_infinite&quot;:&quot;false&quot;}\" data-widget_type=\"google_maps.default\">\n\t\t\t\t<div class=\"elementor-widget-container\">\n\t\t\t<div class=\"elementor-custom-embed\"><iframe frameborder=\"0\" scrolling=\"no\" marginheight=\"0\" marginwidth=\"0\" src=\"https:\/\/maps.google.com\/maps?q=Paseo%20de%20Belgrado%20137%2C%20Tejeda%2C%2076900%20El%20Pueblito%2C%20Qro.&amp;t=m&amp;z=15&amp;output=embed&amp;iwloc=near\" title=\"Paseo de Belgrado 137, Tejeda, 76900 El Pueblito, Qro.\" aria-label=\"Paseo de Belgrado 137, Tejeda, 76900 El Pueblito, Qro.\"><\/iframe><\/div>\t\t<\/div>\n\t\t\t\t<\/div>\n\t\t\t\t\t\t<\/div>\n\t\t\t\t\t<\/div>\n\t\t<\/div>\n\t\t\t\t\t\t\t\t<\/div>\n\t\t\t\t\t<\/div>\n\t\t<\/section>\n\t\t\t\t\t\t<\/div>\n\t\t\t\t\t\t<\/div>\n\t\t\t\t\t<\/div>\n\t\t","protected":false},"excerpt":{"rendered":"<p>Cont\u00e1ctanos Formulario \u00a1Estamos para servirte! Nuestro equipo estar\u00e1 encantado de responder cualquier pregunta. Completa el formulario y nos comunicaremos contigo muy pronto. \u00bfDeseas un DEMO, capacitaci\u00f3n o mayor informaci\u00f3n del sistema? Contacta a: soporte@medicospro.com Redes sociales Encontrar\u00e1s material de apoyo [&hellip;]<\/p>\n","protected":false},"author":1,"featured_media":0,"parent":0,"menu_order":0,"comment_status":"closed","ping_status":"closed","template":"","meta":[],"_links":{"self":[{"href":"https:\/\/medicospro.com\/index.php?rest_route=\/wp\/v2\/pages\/7710"}],"collection":[{"href":"https:\/\/medicospro.com\/index.php?rest_route=\/wp\/v2\/pages"}],"about":[{"href":"https:\/\/medicospro.com\/index.php?rest_route=\/wp\/v2\/types\/page"}],"author":[{"embeddable":true,"href":"https:\/\/medicospro.com\/index.php?rest_route=\/wp\/v2\/users\/1"}],"replies":[{"embeddable":true,"href":"https:\/\/medicospro.com\/index.php?rest_route=%2Fwp%2Fv2%2Fcomments&post=7710"}],"version-history":[{"count":339,"href":"https:\/\/medicospro.com\/index.php?rest_route=\/wp\/v2\/pages\/7710\/revisions"}],"predecessor-version":[{"id":13619,"href":"https:\/\/medicospro.com\/index.php?rest_route=\/wp\/v2\/pages\/7710\/revisions\/13619"}],"wp:attachment":[{"href":"https:\/\/medicospro.com\/index.php?rest_route=%2Fwp%2Fv2%2Fmedia&parent=7710"}],"curies":[{"name":"wp","href":"https:\/\/api.w.org\/{rel}","templated":true}]}}