{"id":7130,"date":"2020-02-01T08:36:24","date_gmt":"2020-02-01T08:36:24","guid":{"rendered":"https:\/\/themes.themegoods.com\/starto\/?page_id=7130"},"modified":"2021-02-22T08:48:43","modified_gmt":"2021-02-22T14:48:43","slug":"portfolio-masonry","status":"publish","type":"page","link":"https:\/\/medicospro.com\/?page_id=7130","title":{"rendered":"Especialidades"},"content":{"rendered":"\t\t<div data-elementor-type=\"wp-page\" data-elementor-id=\"7130\" class=\"elementor elementor-7130\" data-elementor-settings=\"[]\">\n\t\t\t\t\t\t<div class=\"elementor-inner\">\n\t\t\t\t\t\t\t<div class=\"elementor-section-wrap\">\n\t\t\t\t\t\t\t<section class=\"elementor-section elementor-top-section elementor-element elementor-element-47119964 elementor-section-boxed elementor-section-height-default elementor-section-height-default\" data-id=\"47119964\" data-element_type=\"section\">\n\t\t\t\t\t\t<div class=\"elementor-container elementor-column-gap-default\">\n\t\t\t\t\t\t\t<div class=\"elementor-row\">\n\t\t\t\t\t<div class=\"elementor-column elementor-col-100 elementor-top-column elementor-element elementor-element-304c2442\" data-id=\"304c2442\" data-element_type=\"column\" data-settings=\"{&quot;starto_ext_is_scrollme&quot;:&quot;false&quot;,&quot;starto_ext_is_smoove&quot;:&quot;false&quot;,&quot;starto_ext_is_parallax_mouse&quot;:&quot;false&quot;,&quot;starto_ext_is_infinite&quot;:&quot;false&quot;}\">\n\t\t\t<div class=\"elementor-column-wrap elementor-element-populated\">\n\t\t\t\t\t\t\t<div class=\"elementor-widget-wrap\">\n\t\t\t\t\t\t<div class=\"elementor-element elementor-element-6fac08a elementor-widget__width-initial elementor-widget-tablet__width-initial elementor-widget-mobile__width-inherit elementor-widget elementor-widget-heading\" data-id=\"6fac08a\" data-element_type=\"widget\" data-settings=\"{&quot;starto_ext_is_scrollme&quot;:&quot;false&quot;,&quot;starto_ext_is_parallax_mouse&quot;:&quot;false&quot;,&quot;starto_ext_is_infinite&quot;:&quot;false&quot;}\" data-widget_type=\"heading.default\">\n\t\t\t\t<div class=\"elementor-widget-container\">\n\t\t\t<h2 class=\"elementor-heading-title elementor-size-default\">Sobre mi especialidad...<\/h2>\t\t<\/div>\n\t\t\t\t<\/div>\n\t\t\t\t\t\t<\/div>\n\t\t\t\t\t<\/div>\n\t\t<\/div>\n\t\t\t\t\t\t\t\t<\/div>\n\t\t\t\t\t<\/div>\n\t\t<\/section>\n\t\t\t\t<section class=\"elementor-section elementor-top-section elementor-element elementor-element-ff711cf elementor-section-boxed elementor-section-height-default elementor-section-height-default\" data-id=\"ff711cf\" data-element_type=\"section\">\n\t\t\t\t\t\t<div class=\"elementor-container elementor-column-gap-default\">\n\t\t\t\t\t\t\t<div class=\"elementor-row\">\n\t\t\t\t\t<div class=\"elementor-column elementor-col-100 elementor-top-column elementor-element elementor-element-ee4781d\" data-id=\"ee4781d\" data-element_type=\"column\" data-settings=\"{&quot;starto_ext_is_scrollme&quot;:&quot;false&quot;,&quot;starto_ext_is_smoove&quot;:&quot;false&quot;,&quot;starto_ext_is_parallax_mouse&quot;:&quot;false&quot;,&quot;starto_ext_is_infinite&quot;:&quot;false&quot;}\">\n\t\t\t<div class=\"elementor-column-wrap elementor-element-populated\">\n\t\t\t\t\t\t\t<div class=\"elementor-widget-wrap\">\n\t\t\t\t\t\t<div class=\"elementor-element elementor-element-f236f3c elementor-widget elementor-widget-starto-portfolio-masonry\" data-id=\"f236f3c\" data-element_type=\"widget\" data-settings=\"{&quot;starto_ext_is_scrollme&quot;:&quot;false&quot;,&quot;starto_ext_is_smoove&quot;:&quot;false&quot;,&quot;starto_ext_is_parallax_mouse&quot;:&quot;false&quot;,&quot;starto_ext_is_infinite&quot;:&quot;false&quot;}\" data-widget_type=\"starto-portfolio-masonry.default\">\n\t\t\t\t<div class=\"elementor-widget-container\">\n\t\t\t<div class=\"portfolio-masonry-container\">\n<div class=\"portfolio-masonry-content-wrapper starto-gallery-grid-content-wrapper do-masonry masonry-classic portfolio_masonry layout-starto-four-cols\" data-cols=\"4\">\n\t\t<div class=\"portfolio-masonry-grid-wrapper gallery-grid-item starto-four-cols   portfolio-1 tile scale-anm cl--nica all no_filter smoove disable_tablet fade-in\" data-delay=\"150\" data-minwidth=\"769\" data-opacity=\"0\">\n\t\t\t<div class=\"portfolio_masonry_img\">\n\t\t\t\t<img src=\"https:\/\/medicospro.com\/wp-content\/uploads\/2021\/01\/bermix-studio-m0hz75hjXEo-unsplash-768x432.jpg\" alt=\"\" \/>\n\t\t\t<\/div>\n\n\t\t\t<div class=\"figcaption\">\n\t\t\t\t<div class=\"portfolio-masonry-content\">\n\t\t\t\t\t<h3>Medicina General<\/h3>\n\t\t\t\t\t<div class=\"portfolio_masonry_subtitle\">Detalles<\/div>\n\t\t\t\t\t<div class=\"popup-arrow\"><span class=\"ti-arrow-right\"><\/span><\/div>\n\t\t\t\t<\/div>\n\t\t\t<\/div><a href=\"https:\/\/medicospro.com\/?page_id=12171\"  ><\/a>\n\t\t<\/div>\n\t\t<div class=\"portfolio-masonry-grid-wrapper gallery-grid-item starto-four-cols   portfolio-2 tile scale-anm cl--nica all no_filter smoove disable_tablet fade-in\" data-delay=\"300\" data-minwidth=\"769\" data-opacity=\"0\">\n\t\t\t<div class=\"portfolio_masonry_img\">\n\t\t\t\t<img src=\"https:\/\/medicospro.com\/wp-content\/uploads\/2021\/01\/dx_www-W6MGOy0QRjs-unsplash-768x512.jpg\" alt=\"\" \/>\n\t\t\t<\/div>\n\n\t\t\t<div class=\"figcaption\">\n\t\t\t\t<div class=\"portfolio-masonry-content\">\n\t\t\t\t\t<h3>Pediatr\u00eda<\/h3>\n\t\t\t\t\t<div class=\"portfolio_masonry_subtitle\">Detalles<\/div>\n\t\t\t\t\t<div class=\"popup-arrow\"><span class=\"ti-arrow-right\"><\/span><\/div>\n\t\t\t\t<\/div>\n\t\t\t<\/div><a href=\"https:\/\/medicospro.com\/?page_id=12418\"  ><\/a>\n\t\t<\/div>\n\t\t<div class=\"portfolio-masonry-grid-wrapper gallery-grid-item starto-four-cols   portfolio-3 tile scale-anm quir--rgica all no_filter smoove disable_tablet fade-in\" data-delay=\"450\" data-minwidth=\"769\" data-opacity=\"0\">\n\t\t\t<div class=\"portfolio_masonry_img\">\n\t\t\t\t<img src=\"https:\/\/medicospro.com\/wp-content\/uploads\/2021\/01\/volodymyr-hryshchenko-VbOWSrrEixA-unsplash-768x432.jpg\" alt=\"\" \/>\n\t\t\t<\/div>\n\n\t\t\t<div class=\"figcaption\">\n\t\t\t\t<div class=\"portfolio-masonry-content\">\n\t\t\t\t\t<h3>Ginecolog\u00eda<\/h3>\n\t\t\t\t\t<div class=\"portfolio_masonry_subtitle\">Detalles<\/div>\n\t\t\t\t\t<div class=\"popup-arrow\"><span class=\"ti-arrow-right\"><\/span><\/div>\n\t\t\t\t<\/div>\n\t\t\t<\/div><a href=\"https:\/\/medicospro.com\/?page_id=12428\"  ><\/a>\n\t\t<\/div>\n\t\t<div class=\"portfolio-masonry-grid-wrapper gallery-grid-item starto-four-cols last  portfolio-4 tile scale-anm cl--nica all no_filter smoove disable_tablet fade-in\" data-delay=\"600\" data-minwidth=\"769\" data-opacity=\"0\">\n\t\t\t<div class=\"portfolio_masonry_img\">\n\t\t\t\t<img src=\"https:\/\/medicospro.com\/wp-content\/uploads\/2021\/01\/yusuf-belek-gHdVUGAJYGo-unsplash-768x512.jpg\" alt=\"\" \/>\n\t\t\t<\/div>\n\n\t\t\t<div class=\"figcaption\">\n\t\t\t\t<div class=\"portfolio-masonry-content\">\n\t\t\t\t\t<h3>Odontolog\u00eda<\/h3>\n\t\t\t\t\t<div class=\"portfolio_masonry_subtitle\">Detalles<\/div>\n\t\t\t\t\t<div class=\"popup-arrow\"><span class=\"ti-arrow-right\"><\/span><\/div>\n\t\t\t\t<\/div>\n\t\t\t<\/div><a href=\"https:\/\/medicospro.com\/?page_id=12437\"  ><\/a>\n\t\t<\/div>\n\t\t<div class=\"portfolio-masonry-grid-wrapper gallery-grid-item starto-four-cols   portfolio-5 tile scale-anm quir--rgica all no_filter smoove disable_tablet fade-in\" data-delay=\"150\" data-minwidth=\"769\" data-opacity=\"0\">\n\t\t\t<div class=\"portfolio_masonry_img\">\n\t\t\t\t<img src=\"https:\/\/medicospro.com\/wp-content\/uploads\/2021\/01\/national-cancer-institute-0izFVmwJ5pw-unsplash-768x614.jpg\" alt=\"\" \/>\n\t\t\t<\/div>\n\n\t\t\t<div class=\"figcaption\">\n\t\t\t\t<div class=\"portfolio-masonry-content\">\n\t\t\t\t\t<h3>Oncolog\u00eda<\/h3>\n\t\t\t\t\t<div class=\"portfolio_masonry_subtitle\">Detalles<\/div>\n\t\t\t\t\t<div class=\"popup-arrow\"><span class=\"ti-arrow-right\"><\/span><\/div>\n\t\t\t\t<\/div>\n\t\t\t<\/div><a href=\"https:\/\/medicospro.com\/?page_id=12452\"  ><\/a>\n\t\t<\/div>\n\t\t<div class=\"portfolio-masonry-grid-wrapper gallery-grid-item starto-four-cols   portfolio-6 tile scale-anm quir--rgica all no_filter smoove disable_tablet fade-in\" data-delay=\"300\" data-minwidth=\"769\" data-opacity=\"0\">\n\t\t\t<div class=\"portfolio_masonry_img\">\n\t\t\t\t<img src=\"https:\/\/medicospro.com\/wp-content\/uploads\/2021\/02\/co\u0301mo-funciona-un-nefro\u0301logo-800x400-1-768x384.jpg\" alt=\"\" \/>\n\t\t\t<\/div>\n\n\t\t\t<div class=\"figcaption\">\n\t\t\t\t<div class=\"portfolio-masonry-content\">\n\t\t\t\t\t<h3>Nefrolog\u00eda<\/h3>\n\t\t\t\t\t<div class=\"portfolio_masonry_subtitle\">Detalles<\/div>\n\t\t\t\t\t<div class=\"popup-arrow\"><span class=\"ti-arrow-right\"><\/span><\/div>\n\t\t\t\t<\/div>\n\t\t\t<\/div><a href=\"https:\/\/medicospro.com\/?page_id=12479\"  ><\/a>\n\t\t<\/div>\n\t\t<div class=\"portfolio-masonry-grid-wrapper gallery-grid-item starto-four-cols   portfolio-7 tile scale-anm cl--nica all no_filter smoove disable_tablet fade-in\" data-delay=\"450\" data-minwidth=\"769\" data-opacity=\"0\">\n\t\t\t<div class=\"portfolio_masonry_img\">\n\t\t\t\t<img src=\"https:\/\/medicospro.com\/wp-content\/uploads\/2021\/02\/dr-josiah-sarpong-6En5Z5ZhNj8-unsplash-768x473.jpg\" alt=\"\" \/>\n\t\t\t<\/div>\n\n\t\t\t<div class=\"figcaption\">\n\t\t\t\t<div class=\"portfolio-masonry-content\">\n\t\t\t\t\t<h3>Oftalmolog\u00eda<\/h3>\n\t\t\t\t\t<div class=\"portfolio_masonry_subtitle\">Detalles<\/div>\n\t\t\t\t\t<div class=\"popup-arrow\"><span class=\"ti-arrow-right\"><\/span><\/div>\n\t\t\t\t<\/div>\n\t\t\t<\/div><a href=\"https:\/\/medicospro.com\/?page_id=12461\"  ><\/a>\n\t\t<\/div>\n\t\t<div class=\"portfolio-masonry-grid-wrapper gallery-grid-item starto-four-cols last  portfolio-8 tile scale-anm cl--nica all no_filter smoove disable_tablet fade-in\" data-delay=\"600\" data-minwidth=\"769\" data-opacity=\"0\">\n\t\t\t<div class=\"portfolio_masonry_img\">\n\t\t\t\t<img src=\"https:\/\/medicospro.com\/wp-content\/uploads\/2021\/02\/bill-oxford-aIlAhLdwk2g-unsplash-768x553.jpg\" alt=\"\" \/>\n\t\t\t<\/div>\n\n\t\t\t<div class=\"figcaption\">\n\t\t\t\t<div class=\"portfolio-masonry-content\">\n\t\t\t\t\t<h3>Nutrici\u00f3n<\/h3>\n\t\t\t\t\t<div class=\"portfolio_masonry_subtitle\">Detalles<\/div>\n\t\t\t\t\t<div class=\"popup-arrow\"><span class=\"ti-arrow-right\"><\/span><\/div>\n\t\t\t\t<\/div>\n\t\t\t<\/div><a href=\"https:\/\/medicospro.com\/?page_id=12494\"  ><\/a>\n\t\t<\/div>\n\t\t<div class=\"portfolio-masonry-grid-wrapper gallery-grid-item starto-four-cols   portfolio-9 tile scale-anm quir--rgica all no_filter smoove disable_tablet fade-in\" data-delay=\"150\" data-minwidth=\"769\" data-opacity=\"0\">\n\t\t\t<div class=\"portfolio_masonry_img\">\n\t\t\t\t<img src=\"https:\/\/medicospro.com\/wp-content\/uploads\/2021\/01\/raphael-lovaski-Pe9IXUuC6QU-unsplash-768x512.jpg\" alt=\"\" \/>\n\t\t\t<\/div>\n\n\t\t\t<div class=\"figcaption\">\n\t\t\t\t<div class=\"portfolio-masonry-content\">\n\t\t\t\t\t<h3>Dermatolog\u00eda<\/h3>\n\t\t\t\t\t<div class=\"portfolio_masonry_subtitle\">Detalles<\/div>\n\t\t\t\t\t<div class=\"popup-arrow\"><span class=\"ti-arrow-right\"><\/span><\/div>\n\t\t\t\t<\/div>\n\t\t\t<\/div><a href=\"https:\/\/medicospro.com\/?page_id=12530\"  ><\/a>\n\t\t<\/div>\n\t\t<div class=\"portfolio-masonry-grid-wrapper gallery-grid-item starto-four-cols   portfolio-10 tile scale-anm cl--nica all no_filter smoove disable_tablet fade-in\" data-delay=\"300\" data-minwidth=\"769\" data-opacity=\"0\">\n\t\t\t<div class=\"portfolio_masonry_img\">\n\t\t\t\t<img src=\"https:\/\/medicospro.com\/wp-content\/uploads\/2021\/01\/national-cancer-institute-fi3zHLxWrYw-unsplash-768x614.jpg\" alt=\"\" \/>\n\t\t\t<\/div>\n\n\t\t\t<div class=\"figcaption\">\n\t\t\t\t<div class=\"portfolio-masonry-content\">\n\t\t\t\t\t<h3>Medicina Interna<\/h3>\n\t\t\t\t\t<div class=\"portfolio_masonry_subtitle\">Detalles<\/div>\n\t\t\t\t\t<div class=\"popup-arrow\"><span class=\"ti-arrow-right\"><\/span><\/div>\n\t\t\t\t<\/div>\n\t\t\t<\/div><a href=\"https:\/\/medicospro.com\/?page_id=12518\"  ><\/a>\n\t\t<\/div>\n\t\t<div class=\"portfolio-masonry-grid-wrapper gallery-grid-item starto-four-cols   portfolio-11 tile scale-anm cl--nica all no_filter smoove disable_tablet fade-in\" data-delay=\"450\" data-minwidth=\"769\" data-opacity=\"0\">\n\t\t\t<div class=\"portfolio_masonry_img\">\n\t\t\t\t<img src=\"https:\/\/medicospro.com\/wp-content\/uploads\/2021\/01\/national-cancer-institute-XrLSV-CKmuQ-unsplash-768x512.jpg\" alt=\"\" \/>\n\t\t\t<\/div>\n\n\t\t\t<div class=\"figcaption\">\n\t\t\t\t<div class=\"portfolio-masonry-content\">\n\t\t\t\t\t<h3>Rehabilitaci\u00f3n<\/h3>\n\t\t\t\t\t<div class=\"portfolio_masonry_subtitle\">Detalles<\/div>\n\t\t\t\t\t<div class=\"popup-arrow\"><span class=\"ti-arrow-right\"><\/span><\/div>\n\t\t\t\t<\/div>\n\t\t\t<\/div><a href=\"https:\/\/medicospro.com\/?page_id=12509\"  ><\/a>\n\t\t<\/div>\n\t\t<div class=\"portfolio-masonry-grid-wrapper gallery-grid-item starto-four-cols last  portfolio-12 tile scale-anm cirug--a all no_filter smoove disable_tablet fade-in\" data-delay=\"600\" data-minwidth=\"769\" data-opacity=\"0\">\n\t\t\t<div class=\"portfolio_masonry_img\">\n\t\t\t\t<img src=\"https:\/\/medicospro.com\/wp-content\/uploads\/2021\/01\/sam-moqadam-l9VjM-Pp7-M-unsplash-768x512.jpg\" alt=\"\" \/>\n\t\t\t<\/div>\n\n\t\t\t<div class=\"figcaption\">\n\t\t\t\t<div class=\"portfolio-masonry-content\">\n\t\t\t\t\t<h3>Cirug\u00eda Pl\u00e1stica<\/h3>\n\t\t\t\t\t<div class=\"portfolio_masonry_subtitle\">Detalles<\/div>\n\t\t\t\t\t<div class=\"popup-arrow\"><span class=\"ti-arrow-right\"><\/span><\/div>\n\t\t\t\t<\/div>\n\t\t\t<\/div><a href=\"https:\/\/medicospro.com\/?page_id=12567\"  ><\/a>\n\t\t<\/div>\n\t\t<div class=\"portfolio-masonry-grid-wrapper gallery-grid-item starto-four-cols   portfolio-13 tile scale-anm cirug--a all no_filter smoove disable_tablet fade-in\" data-delay=\"150\" data-minwidth=\"769\" data-opacity=\"0\">\n\t\t\t<div class=\"portfolio_masonry_img\">\n\t\t\t\t<img src=\"https:\/\/medicospro.com\/wp-content\/uploads\/2021\/01\/jc-gellidon-uhXlRnt9dTw-unsplash-768x1152.jpg\" alt=\"\" \/>\n\t\t\t<\/div>\n\n\t\t\t<div class=\"figcaption\">\n\t\t\t\t<div class=\"portfolio-masonry-content\">\n\t\t\t\t\t<h3>Cardiolog\u00eda<\/h3>\n\t\t\t\t\t<div class=\"portfolio_masonry_subtitle\">Detalles<\/div>\n\t\t\t\t\t<div class=\"popup-arrow\"><span class=\"ti-arrow-right\"><\/span><\/div>\n\t\t\t\t<\/div>\n\t\t\t<\/div><a href=\"https:\/\/medicospro.com\/?page_id=12542\"  ><\/a>\n\t\t<\/div>\n\t\t<div class=\"portfolio-masonry-grid-wrapper gallery-grid-item starto-four-cols   portfolio-14 tile scale-anm cirug--a all no_filter smoove disable_tablet fade-in\" data-delay=\"300\" data-minwidth=\"769\" data-opacity=\"0\">\n\t\t\t<div class=\"portfolio_masonry_img\">\n\t\t\t\t<img src=\"https:\/\/medicospro.com\/wp-content\/uploads\/2021\/02\/jesse-orrico-Us3AQvyOP-o-unsplash-768x509.jpg\" alt=\"\" \/>\n\t\t\t<\/div>\n\n\t\t\t<div class=\"figcaption\">\n\t\t\t\t<div class=\"portfolio-masonry-content\">\n\t\t\t\t\t<h3>Cardiovascular<\/h3>\n\t\t\t\t\t<div class=\"portfolio_masonry_subtitle\">Detalles<\/div>\n\t\t\t\t\t<div class=\"popup-arrow\"><span class=\"ti-arrow-right\"><\/span><\/div>\n\t\t\t\t<\/div>\n\t\t\t<\/div><a href=\"https:\/\/medicospro.com\/?page_id=12554\"  ><\/a>\n\t\t<\/div>\n\t\t<div class=\"portfolio-masonry-grid-wrapper gallery-grid-item starto-four-cols   portfolio-15 tile scale-anm cirug--a all no_filter smoove disable_tablet fade-in\" data-delay=\"450\" data-minwidth=\"769\" data-opacity=\"0\">\n\t\t\t<div class=\"portfolio_masonry_img\">\n\t\t\t\t<img src=\"https:\/\/medicospro.com\/wp-content\/uploads\/2021\/01\/tom-claes-CfdzNybONzc-unsplash-768x512.jpg\" alt=\"\" \/>\n\t\t\t<\/div>\n\n\t\t\t<div class=\"figcaption\">\n\t\t\t\t<div class=\"portfolio-masonry-content\">\n\t\t\t\t\t<h3>Ortop\u00e9dica<\/h3>\n\t\t\t\t\t<div class=\"portfolio_masonry_subtitle\">Detalles<\/div>\n\t\t\t\t\t<div class=\"popup-arrow\"><span class=\"ti-arrow-right\"><\/span><\/div>\n\t\t\t\t<\/div>\n\t\t\t<\/div><a href=\"https:\/\/medicospro.com\/?page_id=12608\"  ><\/a>\n\t\t<\/div>\n\t\t<div class=\"portfolio-masonry-grid-wrapper gallery-grid-item starto-four-cols last  portfolio-16 tile scale-anm quir--rgica all no_filter smoove disable_tablet fade-in\" data-delay=\"600\" data-minwidth=\"769\" data-opacity=\"0\">\n\t\t\t<div class=\"portfolio_masonry_img\">\n\t\t\t\t<img src=\"https:\/\/medicospro.com\/wp-content\/uploads\/2021\/01\/magdiel-lagos-7hjh_X3xsDA-unsplash-768x1152.jpg\" alt=\"\" \/>\n\t\t\t<\/div>\n\n\t\t\t<div class=\"figcaption\">\n\t\t\t\t<div class=\"portfolio-masonry-content\">\n\t\t\t\t\t<h3>Urolog\u00eda<\/h3>\n\t\t\t\t\t<div class=\"portfolio_masonry_subtitle\">Detalles<\/div>\n\t\t\t\t\t<div class=\"popup-arrow\"><span class=\"ti-arrow-right\"><\/span><\/div>\n\t\t\t\t<\/div>\n\t\t\t<\/div><a href=\"https:\/\/medicospro.com\/?page_id=12582\"  ><\/a>\n\t\t<\/div>\n\t\t<div class=\"portfolio-masonry-grid-wrapper gallery-grid-item starto-four-cols   portfolio-17 tile scale-anm quir--rgica all no_filter smoove disable_tablet fade-in\" data-delay=\"150\" data-minwidth=\"769\" data-opacity=\"0\">\n\t\t\t<div class=\"portfolio_masonry_img\">\n\t\t\t\t<img src=\"https:\/\/medicospro.com\/wp-content\/uploads\/2021\/01\/bofu-shaw-cLvgcpygAE8-unsplash-768x1152.jpg\" alt=\"\" \/>\n\t\t\t<\/div>\n\n\t\t\t<div class=\"figcaption\">\n\t\t\t\t<div class=\"portfolio-masonry-content\">\n\t\t\t\t\t<h3>Capilar<\/h3>\n\t\t\t\t\t<div class=\"portfolio_masonry_subtitle\">Detalles<\/div>\n\t\t\t\t\t<div class=\"popup-arrow\"><span class=\"ti-arrow-right\"><\/span><\/div>\n\t\t\t\t<\/div>\n\t\t\t<\/div><a href=\"https:\/\/medicospro.com\/?page_id=12599\"  ><\/a>\n\t\t<\/div>\n\t\t<div class=\"portfolio-masonry-grid-wrapper gallery-grid-item starto-four-cols   portfolio-18 tile scale-anm laboratorio all no_filter smoove disable_tablet fade-in\" data-delay=\"300\" data-minwidth=\"769\" data-opacity=\"0\">\n\t\t\t<div class=\"portfolio_masonry_img\">\n\t\t\t\t<img src=\"https:\/\/medicospro.com\/wp-content\/uploads\/2021\/02\/benjamin-lehman-gkZ-k3xf25w-unsplash-768x512.jpg\" alt=\"\" \/>\n\t\t\t<\/div>\n\n\t\t\t<div class=\"figcaption\">\n\t\t\t\t<div class=\"portfolio-masonry-content\">\n\t\t\t\t\t<h3>Inmunolog\u00eda<\/h3>\n\t\t\t\t\t<div class=\"portfolio_masonry_subtitle\">Detalles<\/div>\n\t\t\t\t\t<div class=\"popup-arrow\"><span class=\"ti-arrow-right\"><\/span><\/div>\n\t\t\t\t<\/div>\n\t\t\t<\/div><a href=\"https:\/\/medicospro.com\/?page_id=12618\"  ><\/a>\n\t\t<\/div>\n\t\t<div class=\"portfolio-masonry-grid-wrapper gallery-grid-item starto-four-cols   portfolio-19 tile scale-anm laboratorio all no_filter smoove disable_tablet fade-in\" data-delay=\"450\" data-minwidth=\"769\" data-opacity=\"0\">\n\t\t\t<div class=\"portfolio_masonry_img\">\n\t\t\t\t<img src=\"https:\/\/medicospro.com\/wp-content\/uploads\/2021\/01\/kendal-L4iKccAChOc-unsplash-768x512.jpg\" alt=\"\" \/>\n\t\t\t<\/div>\n\n\t\t\t<div class=\"figcaption\">\n\t\t\t\t<div class=\"portfolio-masonry-content\">\n\t\t\t\t\t<h3>Farmacolog\u00eda<\/h3>\n\t\t\t\t\t<div class=\"portfolio_masonry_subtitle\">Detalles<\/div>\n\t\t\t\t\t<div class=\"popup-arrow\"><span class=\"ti-arrow-right\"><\/span><\/div>\n\t\t\t\t<\/div>\n\t\t\t<\/div><a href=\"https:\/\/medicospro.com\/?page_id=12627\"  ><\/a>\n\t\t<\/div>\n\t\t<div class=\"portfolio-masonry-grid-wrapper gallery-grid-item starto-four-cols last  portfolio-20 tile scale-anm cl--nica all no_filter smoove disable_tablet fade-in\" data-delay=\"600\" data-minwidth=\"769\" data-opacity=\"0\">\n\t\t\t<div class=\"portfolio_masonry_img\">\n\t\t\t\t<img src=\"https:\/\/medicospro.com\/wp-content\/uploads\/2021\/01\/toa-heftiba-4xe-yVFJCvw-unsplash-768x1152.jpg\" alt=\"\" \/>\n\t\t\t<\/div>\n\n\t\t\t<div class=\"figcaption\">\n\t\t\t\t<div class=\"portfolio-masonry-content\">\n\t\t\t\t\t<h3>Psicolog\u00eda<\/h3>\n\t\t\t\t\t<div class=\"portfolio_masonry_subtitle\">Detalles<\/div>\n\t\t\t\t\t<div class=\"popup-arrow\"><span class=\"ti-arrow-right\"><\/span><\/div>\n\t\t\t\t<\/div>\n\t\t\t<\/div><a href=\"https:\/\/medicospro.com\/?page_id=12737\"  ><\/a>\n\t\t<\/div>\n<\/div>\n<\/div>\t\t<\/div>\n\t\t\t\t<\/div>\n\t\t\t\t\t\t<\/div>\n\t\t\t\t\t<\/div>\n\t\t<\/div>\n\t\t\t\t\t\t\t\t<\/div>\n\t\t\t\t\t<\/div>\n\t\t<\/section>\n\t\t\t\t\t\t<\/div>\n\t\t\t\t\t\t<\/div>\n\t\t\t\t\t<\/div>\n\t\t","protected":false},"excerpt":{"rendered":"<p>Sobre mi especialidad&#8230; Medicina General Detalles Pediatr\u00eda Detalles Ginecolog\u00eda Detalles Odontolog\u00eda Detalles Oncolog\u00eda Detalles Nefrolog\u00eda Detalles Oftalmolog\u00eda Detalles Nutrici\u00f3n Detalles Dermatolog\u00eda Detalles Medicina Interna Detalles Rehabilitaci\u00f3n Detalles Cirug\u00eda Pl\u00e1stica Detalles Cardiolog\u00eda Detalles Cardiovascular Detalles Ortop\u00e9dica Detalles Urolog\u00eda Detalles Capilar Detalles [&hellip;]<\/p>\n","protected":false},"author":1,"featured_media":0,"parent":0,"menu_order":0,"comment_status":"closed","ping_status":"closed","template":"","meta":[],"_links":{"self":[{"href":"https:\/\/medicospro.com\/index.php?rest_route=\/wp\/v2\/pages\/7130"}],"collection":[{"href":"https:\/\/medicospro.com\/index.php?rest_route=\/wp\/v2\/pages"}],"about":[{"href":"https:\/\/medicospro.com\/index.php?rest_route=\/wp\/v2\/types\/page"}],"author":[{"embeddable":true,"href":"https:\/\/medicospro.com\/index.php?rest_route=\/wp\/v2\/users\/1"}],"replies":[{"embeddable":true,"href":"https:\/\/medicospro.com\/index.php?rest_route=%2Fwp%2Fv2%2Fcomments&post=7130"}],"version-history":[{"count":110,"href":"https:\/\/medicospro.com\/index.php?rest_route=\/wp\/v2\/pages\/7130\/revisions"}],"predecessor-version":[{"id":13220,"href":"https:\/\/medicospro.com\/index.php?rest_route=\/wp\/v2\/pages\/7130\/revisions\/13220"}],"wp:attachment":[{"href":"https:\/\/medicospro.com\/index.php?rest_route=%2Fwp%2Fv2%2Fmedia&parent=7130"}],"curies":[{"name":"wp","href":"https:\/\/api.w.org\/{rel}","templated":true}]}}