{"id":13102,"date":"2021-02-17T18:40:02","date_gmt":"2021-02-17T18:40:02","guid":{"rendered":"https:\/\/webnv.medicospro.com\/?page_id=13102"},"modified":"2025-03-20T11:54:27","modified_gmt":"2025-03-20T17:54:27","slug":"politica-de-privacidad","status":"publish","type":"page","link":"https:\/\/medicospro.com\/?page_id=13102","title":{"rendered":"Pol\u00edtica de Privacidad"},"content":{"rendered":"\t\t<div data-elementor-type=\"wp-page\" data-elementor-id=\"13102\" class=\"elementor elementor-13102\" data-elementor-settings=\"[]\">\n\t\t\t\t\t\t<div class=\"elementor-inner\">\n\t\t\t\t\t\t\t<div class=\"elementor-section-wrap\">\n\t\t\t\t\t\t\t<section class=\"elementor-section elementor-top-section elementor-element elementor-element-f29b2d6 elementor-section-boxed elementor-section-height-default elementor-section-height-default\" data-id=\"f29b2d6\" data-element_type=\"section\">\n\t\t\t\t\t\t<div class=\"elementor-container elementor-column-gap-default\">\n\t\t\t\t\t\t\t<div class=\"elementor-row\">\n\t\t\t\t\t<div class=\"elementor-column elementor-col-100 elementor-top-column elementor-element elementor-element-548bd35\" data-id=\"548bd35\" data-element_type=\"column\" data-settings=\"{&quot;starto_ext_is_scrollme&quot;:&quot;false&quot;,&quot;starto_ext_is_smoove&quot;:&quot;false&quot;,&quot;starto_ext_is_parallax_mouse&quot;:&quot;false&quot;,&quot;starto_ext_is_infinite&quot;:&quot;false&quot;}\">\n\t\t\t<div class=\"elementor-column-wrap elementor-element-populated\">\n\t\t\t\t\t\t\t<div class=\"elementor-widget-wrap\">\n\t\t\t\t\t\t<div class=\"elementor-element elementor-element-ea71de9 elementor-widget elementor-widget-heading\" data-id=\"ea71de9\" data-element_type=\"widget\" data-settings=\"{&quot;starto_ext_is_scrollme&quot;:&quot;false&quot;,&quot;starto_ext_is_smoove&quot;:&quot;false&quot;,&quot;starto_ext_is_parallax_mouse&quot;:&quot;false&quot;,&quot;starto_ext_is_infinite&quot;:&quot;false&quot;}\" data-widget_type=\"heading.default\">\n\t\t\t\t<div class=\"elementor-widget-container\">\n\t\t\t<h2 class=\"elementor-heading-title elementor-size-default\">Pol\u00edtica de Privacidad<\/h2>\t\t<\/div>\n\t\t\t\t<\/div>\n\t\t\t\t<div class=\"elementor-element elementor-element-48e66fe elementor-widget elementor-widget-text-editor\" data-id=\"48e66fe\" data-element_type=\"widget\" data-settings=\"{&quot;starto_ext_is_scrollme&quot;:&quot;false&quot;,&quot;starto_ext_is_smoove&quot;:&quot;false&quot;,&quot;starto_ext_is_parallax_mouse&quot;:&quot;false&quot;,&quot;starto_ext_is_infinite&quot;:&quot;false&quot;}\" data-widget_type=\"text-editor.default\">\n\t\t\t\t<div class=\"elementor-widget-container\">\n\t\t\t\t\t<div class=\"elementor-text-editor elementor-clearfix\"><p style=\"text-align: left;\">Con fundamento en los art\u00edculos 15 y 16 de la Ley Federal de Protecci\u00f3n de Datos Personales en Posesi\u00f3n de Particulares hacemos de su conocimiento que MOBILEPRO S. de R.L. de C.V. con domicilio fiscal en Paseo de Estocolmo 240-A, Fraccionamiento Tejeda, Corregidora, Quer\u00e9taro es responsable de recabar sus datos personales, el uso que se le d\u00e9 a los mismos y de su protecci\u00f3n.<\/p><p style=\"text-align: left;\">Su informaci\u00f3n personal ser\u00e1 utilizada para las siguientes finalidades: proveerle el servicio de MedicosPro; notificarle sobre nuevas funcionalidades que tengan relaci\u00f3n con los servicios ya contratados; comunicarle sobre cambios en los mismos; realizar evaluaciones peri\u00f3dicas de nuestros productos y servicios a efecto de mejorar la calidad de los mismos; evaluar la calidad del servicio que brindamos, y en general, para dar cumplimiento a las obligaciones que hemos contra\u00eddo con usted.<\/p><p style=\"text-align: left;\">Para las finalidades antes mencionadas, podr\u00edamos obtener algunos de los siguientes datos personales:<\/p><p style=\"text-align: left;\">\u2022 Nombre y datos generales de usuarios: M\u00e9dicos, Asistentes, Recepcionistas, Cajeros y Administradores del sistema<br \/>\u2022 Tel\u00e9fono fijo y\/o celular y\/o correo electr\u00f3nico de los mismos<br \/>\u2022 Direcci\u00f3n<br \/>\u2022 Datos generales de pacientes<br \/>\u2022 Expedientes m\u00e9dicos de pacientes, incluyendo consultas m\u00e9dicas, estudios, antecedentes y alergias entre otros<\/p><p style=\"text-align: left;\">Le informamos que MOBILEPRO S. de R.L. de C.V. se compromete a tratar con total y absoluta privacidad, toda informaci\u00f3n personal que sea cargada al sistema de MedicosPro, ya sea informaci\u00f3n de pacientes, m\u00e9dicos, asistentes o de la cl\u00ednica y por ning\u00fan motivo lo compartir\u00e1 con terceros sin su previa autorizaci\u00f3n.<\/p><p style=\"text-align: left;\">La informaci\u00f3n cargada es y siempre ser\u00e1 propiedad de usted. Es importante informarle que usted tiene derecho al acceso, rectificaci\u00f3n y cancelaci\u00f3n de sus datos personales, a oponerse al tratamiento de los mismos o a revocar el consentimiento que para dicho fin nos haya otorgado.<\/p><p style=\"text-align: left;\">Para ello, es necesario que env\u00ede la solicitud en los t\u00e9rminos que marca la Ley en su Art. 29 a nuestras oficinas corporativas, ubicadas en Belgrado 137, Fracc. Tejeda. C.P. 76900 Corregidora, Quer\u00e9taro, M\u00e9xico, o bien, se comunique al tel\u00e9fono +52-442-644-0111 o v\u00eda correo electr\u00f3nico a admin@mobilepro.mx, el cual solicitamos confirme v\u00eda telef\u00f3nica para garantizar su correcta recepci\u00f3n.<\/p><\/div>\n\t\t\t\t<\/div>\n\t\t\t\t<\/div>\n\t\t\t\t\t\t<\/div>\n\t\t\t\t\t<\/div>\n\t\t<\/div>\n\t\t\t\t\t\t\t\t<\/div>\n\t\t\t\t\t<\/div>\n\t\t<\/section>\n\t\t\t\t<section class=\"elementor-section elementor-top-section elementor-element elementor-element-2db584fe elementor-section-full_width elementor-section-height-min-height elementor-section-height-default elementor-section-items-middle\" data-id=\"2db584fe\" data-element_type=\"section\" data-settings=\"{&quot;background_background&quot;:&quot;classic&quot;}\">\n\t\t\t\t\t\t<div class=\"elementor-container elementor-column-gap-default\">\n\t\t\t\t\t\t\t<div class=\"elementor-row\">\n\t\t\t\t\t<div class=\"elementor-column elementor-col-33 elementor-top-column elementor-element elementor-element-3f303486\" data-id=\"3f303486\" data-element_type=\"column\" data-settings=\"{&quot;starto_ext_is_scrollme&quot;:&quot;false&quot;,&quot;starto_ext_is_smoove&quot;:&quot;false&quot;,&quot;starto_ext_is_parallax_mouse&quot;:&quot;false&quot;,&quot;starto_ext_is_infinite&quot;:&quot;false&quot;}\">\n\t\t\t<div class=\"elementor-column-wrap\">\n\t\t\t\t\t\t\t<div class=\"elementor-widget-wrap\">\n\t\t\t\t\t\t\t\t<\/div>\n\t\t\t\t\t<\/div>\n\t\t<\/div>\n\t\t\t\t<div class=\"elementor-column elementor-col-33 elementor-top-column elementor-element elementor-element-63dd474f\" data-id=\"63dd474f\" data-element_type=\"column\" data-settings=\"{&quot;starto_ext_is_scrollme&quot;:&quot;false&quot;,&quot;starto_ext_is_smoove&quot;:&quot;false&quot;,&quot;starto_ext_is_parallax_mouse&quot;:&quot;false&quot;,&quot;starto_ext_is_infinite&quot;:&quot;false&quot;}\">\n\t\t\t<div class=\"elementor-column-wrap elementor-element-populated\">\n\t\t\t\t\t\t\t<div class=\"elementor-widget-wrap\">\n\t\t\t\t\t\t<div class=\"elementor-element elementor-element-32474432 elementor-widget-divider--view-line elementor-widget elementor-widget-divider\" data-id=\"32474432\" data-element_type=\"widget\" data-settings=\"{&quot;starto_ext_is_scrollme&quot;:&quot;false&quot;,&quot;starto_ext_is_smoove&quot;:&quot;false&quot;,&quot;starto_ext_is_parallax_mouse&quot;:&quot;false&quot;,&quot;starto_ext_is_infinite&quot;:&quot;false&quot;}\" data-widget_type=\"divider.default\">\n\t\t\t\t<div class=\"elementor-widget-container\">\n\t\t\t\t\t<div class=\"elementor-divider\">\n\t\t\t<span class=\"elementor-divider-separator\">\n\t\t\t\t\t\t<\/span>\n\t\t<\/div>\n\t\t\t\t<\/div>\n\t\t\t\t<\/div>\n\t\t\t\t<div class=\"elementor-element elementor-element-614ce44d elementor-widget elementor-widget-image\" data-id=\"614ce44d\" data-element_type=\"widget\" data-settings=\"{&quot;starto_ext_is_scrollme&quot;:&quot;false&quot;,&quot;starto_ext_is_smoove&quot;:&quot;false&quot;,&quot;starto_ext_is_parallax_mouse&quot;:&quot;false&quot;,&quot;starto_ext_is_infinite&quot;:&quot;false&quot;}\" data-widget_type=\"image.default\">\n\t\t\t\t<div class=\"elementor-widget-container\">\n\t\t\t\t\t<div class=\"elementor-image\">\n\t\t\t\t\t\t\t\t\t\t<img width=\"1024\" height=\"1024\" src=\"https:\/\/medicospro.com\/wp-content\/uploads\/2020\/11\/IsoRedondo-05-1024x1024.png\" class=\"attachment-large size-large\" alt=\"\" loading=\"lazy\" srcset=\"https:\/\/medicospro.com\/wp-content\/uploads\/2020\/11\/IsoRedondo-05-1024x1024.png 1024w, https:\/\/medicospro.com\/wp-content\/uploads\/2020\/11\/IsoRedondo-05-300x300.png 300w, https:\/\/medicospro.com\/wp-content\/uploads\/2020\/11\/IsoRedondo-05-150x150.png 150w, https:\/\/medicospro.com\/wp-content\/uploads\/2020\/11\/IsoRedondo-05-768x768.png 768w, https:\/\/medicospro.com\/wp-content\/uploads\/2020\/11\/IsoRedondo-05-1536x1536.png 1536w, https:\/\/medicospro.com\/wp-content\/uploads\/2020\/11\/IsoRedondo-05-2048x2048.png 2048w, https:\/\/medicospro.com\/wp-content\/uploads\/2020\/11\/IsoRedondo-05-440x440.png 440w, https:\/\/medicospro.com\/wp-content\/uploads\/2020\/11\/IsoRedondo-05-610x610.png 610w, https:\/\/medicospro.com\/wp-content\/uploads\/2020\/11\/IsoRedondo-05-600x600.png 600w\" sizes=\"(max-width: 1024px) 100vw, 1024px\" \/>\t\t\t\t\t\t\t\t\t\t\t<\/div>\n\t\t\t\t<\/div>\n\t\t\t\t<\/div>\n\t\t\t\t<div class=\"elementor-element elementor-element-33498956 elementor-widget-divider--view-line elementor-widget elementor-widget-divider\" data-id=\"33498956\" data-element_type=\"widget\" data-settings=\"{&quot;starto_ext_is_scrollme&quot;:&quot;false&quot;,&quot;starto_ext_is_smoove&quot;:&quot;false&quot;,&quot;starto_ext_is_parallax_mouse&quot;:&quot;false&quot;,&quot;starto_ext_is_infinite&quot;:&quot;false&quot;}\" data-widget_type=\"divider.default\">\n\t\t\t\t<div class=\"elementor-widget-container\">\n\t\t\t\t\t<div class=\"elementor-divider\">\n\t\t\t<span class=\"elementor-divider-separator\">\n\t\t\t\t\t\t<\/span>\n\t\t<\/div>\n\t\t\t\t<\/div>\n\t\t\t\t<\/div>\n\t\t\t\t\t\t<\/div>\n\t\t\t\t\t<\/div>\n\t\t<\/div>\n\t\t\t\t<div class=\"elementor-column elementor-col-33 elementor-top-column elementor-element elementor-element-2d90b063\" data-id=\"2d90b063\" data-element_type=\"column\" data-settings=\"{&quot;starto_ext_is_scrollme&quot;:&quot;false&quot;,&quot;starto_ext_is_smoove&quot;:&quot;false&quot;,&quot;starto_ext_is_parallax_mouse&quot;:&quot;false&quot;,&quot;starto_ext_is_infinite&quot;:&quot;false&quot;}\">\n\t\t\t<div class=\"elementor-column-wrap\">\n\t\t\t\t\t\t\t<div class=\"elementor-widget-wrap\">\n\t\t\t\t\t\t\t\t<\/div>\n\t\t\t\t\t<\/div>\n\t\t<\/div>\n\t\t\t\t\t\t\t\t<\/div>\n\t\t\t\t\t<\/div>\n\t\t<\/section>\n\t\t\t\t\t\t<\/div>\n\t\t\t\t\t\t<\/div>\n\t\t\t\t\t<\/div>\n\t\t","protected":false},"excerpt":{"rendered":"<p>Pol\u00edtica de Privacidad Con fundamento en los art\u00edculos 15 y 16 de la Ley Federal de Protecci\u00f3n de Datos Personales en Posesi\u00f3n de Particulares hacemos de su conocimiento que MOBILEPRO S. de R.L. de C.V. con domicilio fiscal en Paseo [&hellip;]<\/p>\n","protected":false},"author":2,"featured_media":0,"parent":0,"menu_order":0,"comment_status":"closed","ping_status":"closed","template":"","meta":[],"_links":{"self":[{"href":"https:\/\/medicospro.com\/index.php?rest_route=\/wp\/v2\/pages\/13102"}],"collection":[{"href":"https:\/\/medicospro.com\/index.php?rest_route=\/wp\/v2\/pages"}],"about":[{"href":"https:\/\/medicospro.com\/index.php?rest_route=\/wp\/v2\/types\/page"}],"author":[{"embeddable":true,"href":"https:\/\/medicospro.com\/index.php?rest_route=\/wp\/v2\/users\/2"}],"replies":[{"embeddable":true,"href":"https:\/\/medicospro.com\/index.php?rest_route=%2Fwp%2Fv2%2Fcomments&post=13102"}],"version-history":[{"count":14,"href":"https:\/\/medicospro.com\/index.php?rest_route=\/wp\/v2\/pages\/13102\/revisions"}],"predecessor-version":[{"id":13669,"href":"https:\/\/medicospro.com\/index.php?rest_route=\/wp\/v2\/pages\/13102\/revisions\/13669"}],"wp:attachment":[{"href":"https:\/\/medicospro.com\/index.php?rest_route=%2Fwp%2Fv2%2Fmedia&parent=13102"}],"curies":[{"name":"wp","href":"https:\/\/api.w.org\/{rel}","templated":true}]}}