{"id":11419,"date":"2020-11-12T22:34:13","date_gmt":"2020-11-12T22:34:13","guid":{"rendered":"https:\/\/webnv.medicospro.com\/?page_id=11419"},"modified":"2021-02-19T16:11:35","modified_gmt":"2021-02-19T22:11:35","slug":"funcionalidades","status":"publish","type":"page","link":"https:\/\/medicospro.com\/?page_id=11419","title":{"rendered":"Funcionalidades"},"content":{"rendered":"\t\t<div data-elementor-type=\"wp-page\" data-elementor-id=\"11419\" class=\"elementor elementor-11419\" data-elementor-settings=\"[]\">\n\t\t\t\t\t\t<div class=\"elementor-inner\">\n\t\t\t\t\t\t\t<div class=\"elementor-section-wrap\">\n\t\t\t\t\t\t\t<section class=\"elementor-section elementor-top-section elementor-element elementor-element-4b3c790d elementor-section-boxed elementor-section-height-default elementor-section-height-default\" data-id=\"4b3c790d\" data-element_type=\"section\">\n\t\t\t\t\t\t<div class=\"elementor-container elementor-column-gap-default\">\n\t\t\t\t\t\t\t<div class=\"elementor-row\">\n\t\t\t\t\t<div class=\"elementor-column elementor-col-100 elementor-top-column elementor-element elementor-element-3c481882\" data-id=\"3c481882\" data-element_type=\"column\" data-settings=\"{&quot;starto_ext_is_scrollme&quot;:&quot;false&quot;,&quot;starto_ext_is_smoove&quot;:&quot;false&quot;,&quot;starto_ext_is_parallax_mouse&quot;:&quot;false&quot;,&quot;starto_ext_is_infinite&quot;:&quot;false&quot;}\">\n\t\t\t<div class=\"elementor-column-wrap elementor-element-populated\">\n\t\t\t\t\t\t\t<div class=\"elementor-widget-wrap\">\n\t\t\t\t\t\t<div class=\"elementor-element elementor-element-30feea4 elementor-widget elementor-widget-heading\" data-id=\"30feea4\" data-element_type=\"widget\" data-settings=\"{&quot;starto_ext_is_scrollme&quot;:&quot;false&quot;,&quot;starto_ext_is_smoove&quot;:&quot;false&quot;,&quot;starto_ext_is_parallax_mouse&quot;:&quot;false&quot;,&quot;starto_ext_is_infinite&quot;:&quot;false&quot;}\" data-widget_type=\"heading.default\">\n\t\t\t\t<div class=\"elementor-widget-container\">\n\t\t\t<h2 class=\"elementor-heading-title elementor-size-default\">Funcionalidades<\/h2>\t\t<\/div>\n\t\t\t\t<\/div>\n\t\t\t\t<div class=\"elementor-element elementor-element-26fe372e elementor-widget elementor-widget-starto-portfolio-masonry\" data-id=\"26fe372e\" data-element_type=\"widget\" data-settings=\"{&quot;starto_ext_is_scrollme&quot;:&quot;false&quot;,&quot;starto_ext_is_smoove&quot;:&quot;false&quot;,&quot;starto_ext_is_parallax_mouse&quot;:&quot;false&quot;,&quot;starto_ext_is_infinite&quot;:&quot;false&quot;}\" data-widget_type=\"starto-portfolio-masonry.default\">\n\t\t\t\t<div class=\"elementor-widget-container\">\n\t\t\t<div class=\"portfolio-masonry-container\">\n<div class=\"portfolio-masonry-content-wrapper starto-gallery-grid-content-wrapper do-masonry masonry-classic portfolio_masonry layout-starto-three-cols\" data-cols=\"3\">\n\t\t<div class=\"portfolio-masonry-grid-wrapper gallery-grid-item starto-three-cols   portfolio-1 tile scale-anm technology all no_filter smoove disable_tablet popout\" data-delay=\"150\" data-minwidth=\"769\" data-scale=\"0\">\n\t\t\t<div class=\"portfolio_masonry_img\">\n\t\t\t\t<img src=\"https:\/\/medicospro.com\/wp-content\/uploads\/2021\/01\/StockSnap_SKGNYY6PK9-768x510.jpg\" alt=\"\" \/>\n\t\t\t<\/div>\n\n\t\t\t<div class=\"figcaption\">\n\t\t\t\t<div class=\"portfolio-masonry-content\">\n\t\t\t\t\t<h3>Citas<\/h3>\n\t\t\t\t\t<div class=\"portfolio_masonry_subtitle\">\u00bfC\u00f3mo se hacen?<\/div>\n\t\t\t\t\t<div class=\"popup-arrow\"><span class=\"ti-arrow-right\"><\/span><\/div>\n\t\t\t\t<\/div>\n\t\t\t<\/div><a href=\"https:\/\/medicospro.com\/?page_id=8875\"  ><\/a>\n\t\t<\/div>\n\t\t<div class=\"portfolio-masonry-grid-wrapper gallery-grid-item starto-three-cols   portfolio-2 tile scale-anm financial all no_filter smoove disable_tablet popout\" data-delay=\"300\" data-minwidth=\"769\" data-scale=\"0\">\n\t\t\t<div class=\"portfolio_masonry_img\">\n\t\t\t\t<img src=\"https:\/\/medicospro.com\/wp-content\/uploads\/2020\/09\/johny-georgiadis-3ewkNkfJj2k-unsplash-768x512.jpg\" alt=\"\" \/>\n\t\t\t<\/div>\n\n\t\t\t<div class=\"figcaption\">\n\t\t\t\t<div class=\"portfolio-masonry-content\">\n\t\t\t\t\t<h3>Consultas<\/h3>\n\t\t\t\t\t<div class=\"portfolio_masonry_subtitle\">Configurables a cada especialidad<\/div>\n\t\t\t\t\t<div class=\"popup-arrow\"><span class=\"ti-arrow-right\"><\/span><\/div>\n\t\t\t\t<\/div>\n\t\t\t<\/div><a href=\"https:\/\/medicospro.com\/?page_id=11943&#038;\"  ><\/a>\n\t\t<\/div>\n\t\t<div class=\"portfolio-masonry-grid-wrapper gallery-grid-item starto-three-cols last  portfolio-3 tile scale-anm construction all no_filter smoove disable_tablet popout\" data-delay=\"450\" data-minwidth=\"769\" data-scale=\"0\">\n\t\t\t<div class=\"portfolio_masonry_img\">\n\t\t\t\t<img src=\"https:\/\/medicospro.com\/wp-content\/uploads\/2021\/01\/rupixen-com-Q59HmzK38eQ-unsplash-768x512.jpg\" alt=\"\" \/>\n\t\t\t<\/div>\n\n\t\t\t<div class=\"figcaption\">\n\t\t\t\t<div class=\"portfolio-masonry-content\">\n\t\t\t\t\t<h3>Cobranza<\/h3>\n\t\t\t\t\t<div class=\"portfolio_masonry_subtitle\">Generaci\u00f3n de recibos<\/div>\n\t\t\t\t\t<div class=\"popup-arrow\"><span class=\"ti-arrow-right\"><\/span><\/div>\n\t\t\t\t<\/div>\n\t\t\t<\/div><a href=\"https:\/\/medicospro.com\/?page_id=11957&#038;\"  ><\/a>\n\t\t<\/div>\n\t\t<div class=\"portfolio-masonry-grid-wrapper gallery-grid-item starto-three-cols   portfolio-4 tile scale-anm construction all no_filter smoove disable_tablet popout\" data-delay=\"150\" data-minwidth=\"769\" data-scale=\"0\">\n\t\t\t<div class=\"portfolio_masonry_img\">\n\t\t\t\t<img src=\"https:\/\/medicospro.com\/wp-content\/uploads\/2021\/01\/national-cancer-institute-fTQHPb6r4wQ-unsplash-768x512.jpg\" alt=\"\" \/>\n\t\t\t<\/div>\n\n\t\t\t<div class=\"figcaption\">\n\t\t\t\t<div class=\"portfolio-masonry-content\">\n\t\t\t\t\t<h3>Inventario<\/h3>\n\t\t\t\t\t<div class=\"portfolio_masonry_subtitle\">Manejo de almacenes<\/div>\n\t\t\t\t\t<div class=\"popup-arrow\"><span class=\"ti-arrow-right\"><\/span><\/div>\n\t\t\t\t<\/div>\n\t\t\t<\/div><a href=\"https:\/\/medicospro.com\/?page_id=11979\"  ><\/a>\n\t\t<\/div>\n\t\t<div class=\"portfolio-masonry-grid-wrapper gallery-grid-item starto-three-cols   portfolio-5 tile scale-anm hospitality all no_filter smoove disable_tablet popout\" data-delay=\"300\" data-minwidth=\"769\" data-scale=\"0\">\n\t\t\t<div class=\"portfolio_masonry_img\">\n\t\t\t\t<img src=\"https:\/\/medicospro.com\/wp-content\/uploads\/2020\/08\/national-cancer-institute-cQ8FfVNvbew-unsplash-768x512.jpg\" alt=\"\" \/>\n\t\t\t<\/div>\n\n\t\t\t<div class=\"figcaption\">\n\t\t\t\t<div class=\"portfolio-masonry-content\">\n\t\t\t\t\t<h3>Recordatorios<\/h3>\n\t\t\t\t\t<div class=\"portfolio_masonry_subtitle\">V\u00eda WhatsApp e e-mail<\/div>\n\t\t\t\t\t<div class=\"popup-arrow\"><span class=\"ti-arrow-right\"><\/span><\/div>\n\t\t\t\t<\/div>\n\t\t\t<\/div><a href=\"https:\/\/medicospro.com\/?page_id=11989\"  ><\/a>\n\t\t<\/div>\n\t\t<div class=\"portfolio-masonry-grid-wrapper gallery-grid-item starto-three-cols last  portfolio-6 tile scale-anm retail all no_filter smoove disable_tablet popout\" data-delay=\"450\" data-minwidth=\"769\" data-scale=\"0\">\n\t\t\t<div class=\"portfolio_masonry_img\">\n\t\t\t\t<img src=\"https:\/\/medicospro.com\/wp-content\/uploads\/2020\/09\/national-cancer-institute-NFvdKIhxYlU-unsplash-768x512.jpg\" alt=\"\" \/>\n\t\t\t<\/div>\n\n\t\t\t<div class=\"figcaption\">\n\t\t\t\t<div class=\"portfolio-masonry-content\">\n\t\t\t\t\t<h3>CFDI&#039;s<\/h3>\n\t\t\t\t\t<div class=\"portfolio_masonry_subtitle\">Generaci\u00f3n de facturas<\/div>\n\t\t\t\t\t<div class=\"popup-arrow\"><span class=\"ti-arrow-right\"><\/span><\/div>\n\t\t\t\t<\/div>\n\t\t\t<\/div><a href=\"https:\/\/medicospro.com\/?page_id=11999\"  ><\/a>\n\t\t<\/div>\n\t\t<div class=\"portfolio-masonry-grid-wrapper gallery-grid-item starto-three-cols   portfolio-7 tile scale-anm technology all no_filter smoove disable_tablet popout\" data-delay=\"150\" data-minwidth=\"769\" data-scale=\"0\">\n\t\t\t<div class=\"portfolio_masonry_img\">\n\t\t\t\t<img src=\"https:\/\/medicospro.com\/wp-content\/uploads\/2021\/01\/national-cancer-institute-XrLSV-CKmuQ-unsplash-768x512.jpg\" alt=\"\" \/>\n\t\t\t<\/div>\n\n\t\t\t<div class=\"figcaption\">\n\t\t\t\t<div class=\"portfolio-masonry-content\">\n\t\t\t\t\t<h3>Estudios<\/h3>\n\t\t\t\t\t<div class=\"portfolio_masonry_subtitle\">Todo en uno<\/div>\n\t\t\t\t\t<div class=\"popup-arrow\"><span class=\"ti-arrow-right\"><\/span><\/div>\n\t\t\t\t<\/div>\n\t\t\t<\/div><a href=\"https:\/\/medicospro.com\/?page_id=12012\"  ><\/a>\n\t\t<\/div>\n\t\t<div class=\"portfolio-masonry-grid-wrapper gallery-grid-item starto-three-cols   portfolio-8 tile scale-anm hospitality all no_filter smoove disable_tablet popout\" data-delay=\"300\" data-minwidth=\"769\" data-scale=\"0\">\n\t\t\t<div class=\"portfolio_masonry_img\">\n\t\t\t\t<img src=\"https:\/\/medicospro.com\/wp-content\/uploads\/2020\/09\/tom-claes-Cj73y17e63E-unsplash-768x512.jpg\" alt=\"\" \/>\n\t\t\t<\/div>\n\n\t\t\t<div class=\"figcaption\">\n\t\t\t\t<div class=\"portfolio-masonry-content\">\n\t\t\t\t\t<h3>Reportes<\/h3>\n\t\t\t\t\t<div class=\"portfolio_masonry_subtitle\">Ventas, cobranza y m\u00e1s<\/div>\n\t\t\t\t\t<div class=\"popup-arrow\"><span class=\"ti-arrow-right\"><\/span><\/div>\n\t\t\t\t<\/div>\n\t\t\t<\/div><a href=\"https:\/\/medicospro.com\/?page_id=12025\"  ><\/a>\n\t\t<\/div>\n\t\t<div class=\"portfolio-masonry-grid-wrapper gallery-grid-item starto-three-cols last  portfolio-9 tile scale-anm technology all no_filter smoove disable_tablet popout\" data-delay=\"450\" data-minwidth=\"769\" data-scale=\"0\">\n\t\t\t<div class=\"portfolio_masonry_img\">\n\t\t\t\t<img src=\"https:\/\/medicospro.com\/wp-content\/uploads\/2021\/01\/julia-zyablova-S1v7hVUiCg0-unsplash-768x512.jpg\" alt=\"\" \/>\n\t\t\t<\/div>\n\n\t\t\t<div class=\"figcaption\">\n\t\t\t\t<div class=\"portfolio-masonry-content\">\n\t\t\t\t\t<h3>Cat\u00e1logo CIE-10<\/h3>\n\t\t\t\t\t<div class=\"portfolio_masonry_subtitle\">Diagn\u00f3sticos<\/div>\n\t\t\t\t\t<div class=\"popup-arrow\"><span class=\"ti-arrow-right\"><\/span><\/div>\n\t\t\t\t<\/div>\n\t\t\t<\/div><a href=\"https:\/\/medicospro.com\/?page_id=12035\"  ><\/a>\n\t\t<\/div>\n<\/div>\n<\/div>\t\t<\/div>\n\t\t\t\t<\/div>\n\t\t\t\t\t\t<\/div>\n\t\t\t\t\t<\/div>\n\t\t<\/div>\n\t\t\t\t\t\t\t\t<\/div>\n\t\t\t\t\t<\/div>\n\t\t<\/section>\n\t\t\t\t<section class=\"elementor-section elementor-top-section elementor-element elementor-element-55f687d8 elementor-section-stretched elementor-section-full_width elementor-section-height-default elementor-section-height-default\" data-id=\"55f687d8\" data-element_type=\"section\" data-settings=\"{&quot;stretch_section&quot;:&quot;section-stretched&quot;}\">\n\t\t\t\t\t\t<div class=\"elementor-container elementor-column-gap-default\">\n\t\t\t\t\t\t\t<div class=\"elementor-row\">\n\t\t\t\t\t<div class=\"elementor-column elementor-col-100 elementor-top-column elementor-element elementor-element-2b689dd0\" data-id=\"2b689dd0\" data-element_type=\"column\" data-settings=\"{&quot;starto_ext_is_scrollme&quot;:&quot;false&quot;,&quot;starto_ext_is_smoove&quot;:&quot;false&quot;,&quot;starto_ext_is_parallax_mouse&quot;:&quot;false&quot;,&quot;starto_ext_is_infinite&quot;:&quot;false&quot;}\">\n\t\t\t<div class=\"elementor-column-wrap elementor-element-populated\">\n\t\t\t\t\t\t\t<div class=\"elementor-widget-wrap\">\n\t\t\t\t\t\t<div class=\"elementor-element elementor-element-769e1a2c elementor-widget__width-inherit elementor-widget elementor-widget-starto-portfolio-timeline-vertical\" data-id=\"769e1a2c\" data-element_type=\"widget\" data-settings=\"{&quot;starto_ext_is_scrollme&quot;:&quot;false&quot;,&quot;starto_ext_is_smoove&quot;:&quot;false&quot;,&quot;starto_ext_is_parallax_mouse&quot;:&quot;false&quot;,&quot;starto_ext_is_infinite&quot;:&quot;false&quot;}\" data-widget_type=\"starto-portfolio-timeline-vertical.default\">\n\t\t\t\t<div class=\"elementor-widget-container\">\n\t\t\t<div class=\"portfolio-timeline-vertical-content-wrapper\" data-autoplay=\"5000\" data-speed=\"1500\">\n\t<div class=\"timeline\">\n\t\t<div class=\"swiper-container\"  style=\"height:300px;\">\n\t\t\t<div class=\"swiper-wrapper\">\n\t\t\t\t\t\t\t\t<div class=\"swiper-slide\" style=\"background-image: url(https:\/\/medicospro.com\/wp-content\/uploads\/2020\/09\/national-cancer-institute-NFvdKIhxYlU-unsplash-scaled.jpg);\" data-year=\"Funcionalidades\">\n\t\t\t\t\t\t<div class=\"swiper-slide-content\"><span class=\"timeline-year\">\u00a1Y recuerda!<\/span>\n\t\t\t\t            <h4 class=\"timeline-title\">Todo en un solo lugar<\/h4>\n\t\t\t\t            <div class=\"timeline-text\"><p style=\"text-align: right\">MedicosPro cuenta con una serie de funcionalidades que le permiten realizar todas sus actividades de una manera pr\u00e1ctica y sencilla.<\/p><\/div>\n\t\t\t\t        <\/div>\n\t\t\t\t        <a class=\"portfolio-timeline-vertical-link\" href=\"https:\/\/webnv.medicospro.com\/single-portfolio-2\/\"  ><\/a>\n\t\t\t\t\t<\/div>\n\t\t\t\t\t\t\t\t<div class=\"swiper-slide\" style=\"background-image: url(https:\/\/medicospro.com\/wp-content\/uploads\/2020\/08\/nordwood-themes-q8U1YgBaRQk-unsplash-scaled.jpg);\" data-year=\"Soporte t\u00e9cnico\">\n\t\t\t\t\t\t<div class=\"swiper-slide-content\"><span class=\"timeline-year\">\u00a1Recuerda! Somos el n\u00famero 1<\/span>\n\t\t\t\t            <h4 class=\"timeline-title\">La mejor atenci\u00f3n<\/h4>\n\t\t\t\t            <div class=\"timeline-text\"><p style=\"text-align: right\">Configuraciones personalizadas, mejoras y soporte t\u00e9cnico continuo de calidad.<\/p><\/div>\n\t\t\t\t        <\/div>\n\t\t\t\t        <a class=\"portfolio-timeline-vertical-link\" href=\"https:\/\/webnv.medicospro.com\/single-portfolio-1\/\"  ><\/a>\n\t\t\t\t\t<\/div>\n\t\t\t\t\t\t\t\t<div class=\"swiper-slide\" style=\"background-image: url(https:\/\/medicospro.com\/wp-content\/uploads\/2020\/12\/charles-deluvio-pjAH2Ax4uWk-unsplash-scaled.jpg);\" data-year=\"Seguridad\">\n\t\t\t\t\t\t<div class=\"swiper-slide-content\"><span class=\"timeline-year\">Respaldo autom\u00e1ticos y<\/span>\n\t\t\t\t            <h4 class=\"timeline-title\">Seguridad encriptada<\/h4>\n\t\t\t\t            <div class=\"timeline-text\"><p style=\"text-align: right\">Niveles de seguridad para cada usuario, servidores de vanguardia y respaldos diarios autom\u00e1ticos. Software seguro, usuarios y contrase\u00f1as encriptadas, vulnerabilidad de acceso web eliminado.<\/p><\/div>\n\t\t\t\t        <\/div>\n\t\t\t\t        <a class=\"portfolio-timeline-vertical-link\" href=\"https:\/\/webnv.medicospro.com\/single-portfolio-1\/\"  ><\/a>\n\t\t\t\t\t<\/div>\n\t\t\t\t\t\t<\/div>\n\t\t\t<div class=\"swiper-button-prev\"><span class=\"ti-angle-up\"><\/span><\/div>\n\t\t    <div class=\"swiper-button-next\"><span class=\"ti-angle-down\"><\/span><\/div>\n\t\t    <div class=\"swiper-pagination\"><\/div>\n\t\t<\/div>\n\t<\/div>\n<\/div>\n\t\t<\/div>\n\t\t\t\t<\/div>\n\t\t\t\t\t\t<\/div>\n\t\t\t\t\t<\/div>\n\t\t<\/div>\n\t\t\t\t\t\t\t\t<\/div>\n\t\t\t\t\t<\/div>\n\t\t<\/section>\n\t\t\t\t\t\t<\/div>\n\t\t\t\t\t\t<\/div>\n\t\t\t\t\t<\/div>\n\t\t","protected":false},"excerpt":{"rendered":"<p>Funcionalidades Citas \u00bfC\u00f3mo se hacen? Consultas Configurables a cada especialidad Cobranza Generaci\u00f3n de recibos Inventario Manejo de almacenes Recordatorios V\u00eda WhatsApp e e-mail CFDI&#039;s Generaci\u00f3n de facturas Estudios Todo en uno Reportes Ventas, cobranza y m\u00e1s Cat\u00e1logo CIE-10 Diagn\u00f3sticos \u00a1Y [&hellip;]<\/p>\n","protected":false},"author":2,"featured_media":0,"parent":0,"menu_order":0,"comment_status":"closed","ping_status":"closed","template":"","meta":[],"_links":{"self":[{"href":"https:\/\/medicospro.com\/index.php?rest_route=\/wp\/v2\/pages\/11419"}],"collection":[{"href":"https:\/\/medicospro.com\/index.php?rest_route=\/wp\/v2\/pages"}],"about":[{"href":"https:\/\/medicospro.com\/index.php?rest_route=\/wp\/v2\/types\/page"}],"author":[{"embeddable":true,"href":"https:\/\/medicospro.com\/index.php?rest_route=\/wp\/v2\/users\/2"}],"replies":[{"embeddable":true,"href":"https:\/\/medicospro.com\/index.php?rest_route=%2Fwp%2Fv2%2Fcomments&post=11419"}],"version-history":[{"count":78,"href":"https:\/\/medicospro.com\/index.php?rest_route=\/wp\/v2\/pages\/11419\/revisions"}],"predecessor-version":[{"id":13174,"href":"https:\/\/medicospro.com\/index.php?rest_route=\/wp\/v2\/pages\/11419\/revisions\/13174"}],"wp:attachment":[{"href":"https:\/\/medicospro.com\/index.php?rest_route=%2Fwp%2Fv2%2Fmedia&parent=11419"}],"curies":[{"name":"wp","href":"https:\/\/api.w.org\/{rel}","templated":true}]}}